{"id":1133,"date":"2025-01-29T22:56:47","date_gmt":"2025-01-29T22:56:47","guid":{"rendered":"https:\/\/macedoniachristianchurch.com\/?page_id=1133"},"modified":"2025-01-30T22:43:13","modified_gmt":"2025-01-30T22:43:13","slug":"give","status":"publish","type":"page","link":"https:\/\/macedoniachristianchurch.com\/es\/give\/","title":{"rendered":"Donaci\u00f3n"},"content":{"rendered":"<p><\/p>\n\n\n\n<div class=\"wp-block-uagb-info-box uagb-block-uzp47jet uagb-infobox__content-wrap  uagb-infobox-icon-above-title uagb-infobox-image-valign-top\"><div class=\"uagb-ifb-content\"><div class=\"uagb-ifb-title-wrap\"><\/div><\/div><\/div>\n\n\n\n<p><\/p>\n\n\n\n<div class=\"wp-block-uagb-info-box uagb-block-e60f8527 uagb-infobox__content-wrap  uagb-infobox-icon-above-title uagb-infobox-image-valign-top\"><div class=\"uagb-ifb-content\"><div class=\"uagb-ifb-title-wrap\"><\/div><\/div><\/div>\n\n\n\n<div class=\"wp-block-uagb-info-box uagb-block-d08d3082 uagb-infobox__content-wrap  uagb-infobox-icon-above-title uagb-infobox-image-valign-top\"><div class=\"uagb-ifb-content\"><div class=\"uagb-ifb-title-wrap\"><\/div><\/div><\/div>\n\n\n\n<div class=\"wp-block-uagb-info-box uagb-block-b793a002 uagb-infobox__content-wrap  uagb-infobox-icon-above-title uagb-infobox-image-valign-top\"><div class=\"uagb-ifb-content\"><div class=\"uagb-ifb-title-wrap\"><h1 class=\"uagb-ifb-title translation-block\">Donaciones<\/h1><\/div><\/div><\/div>\n\n\n\n<div class=\"wp-block-uagb-container uagb-block-931c8476 alignfull uagb-is-root-container\"><div class=\"uagb-container-inner-blocks-wrap\">\n<p>En 2 Corintios 8-9, Pablo dice que dar es una forma de adorar a Dios y que Dios ama al dador alegre. Creemos que dar ofrendas significa el amor, la gratitud y la conexi\u00f3n que tenemos con Dios al compartir voluntariamente una parte de lo que tenemos. Hacer esto demuestra nuestra confianza en que \u00c9l siempre suplir\u00e1 nuestras necesidades, nuestro compromiso con nuestra fe y el amor que le tenemos. <br><br>\u00a1Queremos darle las gracias por asociarse con nosotros en la Iglesia Macedonia a trav\u00e9s de su generosidad! Si usted decide dar en persona, a trav\u00e9s de cheque, oa trav\u00e9s de una aplicaci\u00f3n en l\u00ednea, estamos muy agradecidos de que usted ha elegido para apoyar nuestro ministerio.<\/p>\n<\/div><\/div>\n\n\n\n<div class=\"wp-block-uagb-container uagb-block-pk8exgxv alignfull uagb-is-root-container\"><div class=\"uagb-container-inner-blocks-wrap\">\n<div class=\"wp-block-uagb-container uagb-layout-grid uagb-block-vtzqefah\">\n<div class=\"wp-block-uagb-container uagb-block-afvavzsa\">      \n\t\t\t<div class=\"uagb-icon-wrapper uagb-block-9410014c\"\n\t\t\tstyle=\"\" >\n\t\t\t\t\t\t\t\t\t<span class=\"uagb-svg-wrapper\" \n\t\t\t\t\t aria-label=\"church\"\t\t\t\t\ttabindex=\"0\">\t\t\n\t\t\t\t\t\t\t\t\t\t<svg xmlns=\"https:\/\/www.w3.org\/2000\/svg\" viewbox= \"0 0 640 512\" role=\"graphics-symbol\" aria-hidden=\"false\" aria-label=\"\"><path d=\"M344 48H376C389.3 48 400 58.75 400 72C400 85.25 389.3 96 376 96H344V142.4L456.7 210C471.2 218.7 480 234.3 480 251.2V512H384V416C384 380.7 355.3 352 320 352C284.7 352 256 380.7 256 416V512H160V251.2C160 234.3 168.8 218.7 183.3 210L296 142.4V96H264C250.7 96 240 85.25 240 72C240 58.75 250.7 48 264 48H296V24C296 10.75 306.7 0 320 0C333.3 0 344 10.75 344 24V48zM24.87 330.3L128 273.6V512H48C21.49 512 0 490.5 0 464V372.4C0 354.9 9.53 338.8 24.87 330.3V330.3zM592 512H512V273.6L615.1 330.3C630.5 338.8 640 354.9 640 372.4V464C640 490.5 618.5 512 592 512V512z\"><\/path><\/svg>\n\t\t\t\t\t\t\t\t\t<\/span>\n\t\t\t\t\t\t\t<\/div>\n\t\t\t\n\n\n<div class=\"wp-block-uagb-info-box uagb-block-3cy4ezha uagb-infobox__content-wrap  uagb-infobox-icon-above-title uagb-infobox-image-valign-top\"><div class=\"uagb-ifb-content\"><div class=\"uagb-ifb-title-wrap\"><h3 class=\"uagb-ifb-title\">Plato de Colecci\u00f3n<\/h3><\/div><p class=\"uagb-ifb-desc\">Los sobres de diezmos est\u00e1n disponibles bajo petici\u00f3n. Si usted asiste en persona, hay una oportunidad de dar sus diezmos y ofrendas a trav\u00e9s de un plato de recolecci\u00f3n.<\/p><\/div><\/div>\n<\/div>\n\n\n\n<div class=\"wp-block-uagb-container uagb-block-2115dc9a\">      \n\t\t\t<div class=\"uagb-icon-wrapper uagb-block-4e746ba4\"\n\t\t\tstyle=\"\" >\n\t\t\t\t\t\t\t\t\t<span class=\"uagb-svg-wrapper\" \n\t\t\t\t\t aria-label=\"money-check-dollar\"\t\t\t\t\ttabindex=\"0\">\t\t\n\t\t\t\t\t\t\t\t\t\t<svg xmlns=\"https:\/\/www.w3.org\/2000\/svg\" viewbox= \"0 0 576 512\" role=\"graphics-symbol\" aria-hidden=\"false\" aria-label=\"\"><path d=\"M512 64C547.3 64 576 92.65 576 128V384C576 419.3 547.3 448 512 448H64C28.65 448 0 419.3 0 384V128C0 92.65 28.65 64 64 64H512zM272 192C263.2 192 256 199.2 256 208C256 216.8 263.2 224 272 224H496C504.8 224 512 216.8 512 208C512 199.2 504.8 192 496 192H272zM272 320H496C504.8 320 512 312.8 512 304C512 295.2 504.8 288 496 288H272C263.2 288 256 295.2 256 304C256 312.8 263.2 320 272 320zM164.1 160C164.1 148.9 155.1 139.9 143.1 139.9C132.9 139.9 123.9 148.9 123.9 160V166C118.3 167.2 112.1 168.9 108 171.1C93.06 177.9 80.07 190.5 76.91 208.8C75.14 219 76.08 228.9 80.32 237.8C84.47 246.6 91 252.8 97.63 257.3C109.2 265.2 124.5 269.8 136.2 273.3L138.4 273.9C152.4 278.2 161.8 281.3 167.7 285.6C170.2 287.4 171.1 288.8 171.4 289.7C171.8 290.5 172.4 292.3 171.7 296.3C171.1 299.8 169.2 302.8 163.7 305.1C157.6 307.7 147.7 309 134.9 307C128.9 306 118.2 302.4 108.7 299.2C106.5 298.4 104.3 297.7 102.3 297C91.84 293.5 80.51 299.2 77.02 309.7C73.53 320.2 79.2 331.5 89.68 334.1C90.89 335.4 92.39 335.9 94.11 336.5C101.1 339.2 114.4 343.4 123.9 345.6V352C123.9 363.1 132.9 372.1 143.1 372.1C155.1 372.1 164.1 363.1 164.1 352V346.5C169.4 345.5 174.6 343.1 179.4 341.9C195.2 335.2 207.8 322.2 211.1 303.2C212.9 292.8 212.1 282.8 208.1 273.7C204.2 264.7 197.9 258.1 191.2 253.3C179.1 244.4 162.9 239.6 150.8 235.9L149.1 235.7C135.8 231.4 126.2 228.4 120.1 224.2C117.5 222.4 116.7 221.2 116.5 220.7C116.3 220.3 115.7 219.1 116.3 215.7C116.7 213.7 118.2 210.4 124.5 207.6C130.1 204.7 140.9 203.1 153.1 204.1C157.5 205.7 171 208.3 174.9 209.3C185.5 212.2 196.5 205.8 199.3 195.1C202.2 184.5 195.8 173.5 185.1 170.7C180.7 169.5 170.7 167.5 164.1 166.3L164.1 160z\"><\/path><\/svg>\n\t\t\t\t\t\t\t\t\t<\/span>\n\t\t\t\t\t\t\t<\/div>\n\t\t\t\n\n\n<div class=\"wp-block-uagb-info-box uagb-block-a60a8e9f uagb-infobox__content-wrap  uagb-infobox-icon-above-title uagb-infobox-image-valign-top\"><div class=\"uagb-ifb-content\"><div class=\"uagb-ifb-title-wrap\"><h3 class=\"uagb-ifb-title\">Cheque\/Giro<\/h3><\/div><p class=\"uagb-ifb-desc\">Los cheques pueden hacerse a nombre de Macedonia Church y enviado por correo a 340 E 106 St, New York, NY 10029. Por favor, a\u00f1ade una nota en el memo para que sepamos c\u00f3mo distribuir su donaci\u00f3n: \"Ofrenda\", \u201cDiezmos\u201d, \u201cMisiones\u201d.<br><br><\/p><\/div><\/div>\n<\/div>\n\n\n\n<div class=\"wp-block-uagb-container uagb-block-hoozwjtg\">\n<div class=\"wp-block-uagb-image uagb-block-a5fad3bb wp-block-uagb-image--layout-default wp-block-uagb-image--effect-static wp-block-uagb-image--align-none\"><figure class=\"wp-block-uagb-image__figure\"><a class=\"\" href=\"https:\/\/enroll.zellepay.com\/qr-codes?data=eyJuYW1lIjoiSmVubmllIiwidG9rZW4iOiJtYWNlZG9uaWFjaHVyY2hlLjEwNkBnbWFpbC5jb20ifQ==\" target=\"\" rel=\"noopener\"><img decoding=\"async\" srcset=\"https:\/\/macedoniachristianchurch.com\/wp-content\/uploads\/2025\/01\/zelle.webp ,https:\/\/macedoniachristianchurch.com\/wp-content\/uploads\/2025\/01\/zelle.webp 780w, https:\/\/macedoniachristianchurch.com\/wp-content\/uploads\/2025\/01\/zelle.webp 360w\" sizes=\"auto, (max-width: 480px) 150px\" src=\"https:\/\/macedoniachristianchurch.com\/wp-content\/uploads\/2025\/01\/zelle.webp\" alt=\"\" class=\"uag-image-1150\" width=\"93\" height=\"79\" title=\"zelle\" loading=\"lazy\" role=\"img\"\/><\/a><\/figure><\/div>\n\n\n\n<div class=\"wp-block-group is-layout-constrained wp-block-group-is-layout-constrained\">\n<div class=\"wp-block-uagb-info-box uagb-block-zt4hayzv uagb-infobox__content-wrap  uagb-infobox-icon-above-title uagb-infobox-image-valign-top\"><div class=\"uagb-ifb-content\"><div class=\"uagb-ifb-title-wrap\"><h3 class=\"uagb-ifb-title\">Zelle<\/h3><\/div><p class=\"uagb-ifb-desc\">Zelle\u00ae es una forma r\u00e1pida, segura y sencilla de transferir dinero desde su cuenta bancaria a la nuestra. Para donar a trav\u00e9s de Zelle, haga clic en el logotipo de arriba, seleccione su banco y siga los pasos. Tambi\u00e9n puedes abrir la aplicaci\u00f3n de su banco, abre la p\u00e1gina de Zelle y envia el pago al correo electr\u00f3nico que aparece a continuaci\u00f3n:<br><br><strong>MACEDONIACHURCHE.106@GMAIL.COM<\/strong><\/p><\/div><\/div>\n<\/div>\n<\/div>\n\n\n\n<div class=\"wp-block-uagb-container uagb-block-e15373ec\">\n<div class=\"wp-block-uagb-image aligncenter uagb-block-6b398037 wp-block-uagb-image--layout-default wp-block-uagb-image--effect-static wp-block-uagb-image--align-center\"><figure class=\"wp-block-uagb-image__figure\"><a class=\"\" href=\"https:\/\/venmo.com\/u\/macedonia-church\" target=\"\" rel=\"noopener\"><img decoding=\"async\" srcset=\"https:\/\/macedoniachristianchurch.com\/wp-content\/uploads\/2025\/01\/venmo.png ,https:\/\/macedoniachristianchurch.com\/wp-content\/uploads\/2025\/01\/venmo.png 780w, https:\/\/macedoniachristianchurch.com\/wp-content\/uploads\/2025\/01\/venmo.png 360w\" sizes=\"auto, (max-width: 480px) 150px\" src=\"https:\/\/macedoniachristianchurch.com\/wp-content\/uploads\/2025\/01\/venmo.png\" alt=\"\" class=\"uag-image-1149\" width=\"93\" height=\"84\" title=\"venmo\" loading=\"lazy\" role=\"img\"\/><\/a><\/figure><\/div>\n\n\n\n<div class=\"wp-block-uagb-info-box uagb-block-f0f69feb uagb-infobox__content-wrap  uagb-infobox-icon-above-title uagb-infobox-image-valign-top\"><div class=\"uagb-ifb-content\"><div class=\"uagb-ifb-title-wrap\"><h3 class=\"uagb-ifb-title\">Venmo<\/h3><\/div><p class=\"uagb-ifb-desc\">Venmo es una aplicaci\u00f3n que permite realizar pagos sociales de forma r\u00e1pida y segura. Para hacer donar a trav\u00e9s de Venmo, haga clic en el logotipo de arriba o env\u00ede su pago al nombre de usuario de Venmo que aparece a continuaci\u00f3n:<br><br><strong>@MACEDONIA-CHURCH<\/strong><\/p><\/div><\/div>\n<\/div>\n<\/div>\n<\/div><\/div>","protected":false},"excerpt":{"rendered":"<p>In 2 Corinthians 8-9, Paul says that giving is a way to worship God and that God loves a cheerful giver. We believe that giving offerings signifies the love, gratitude and connection we have with God by willingly sharing a portion of what we have. Doing this demonstrates our trust that He will always supply [&hellip;]<\/p>","protected":false},"author":1,"featured_media":0,"parent":0,"menu_order":0,"comment_status":"closed","ping_status":"closed","template":"","meta":{"_uag_custom_page_level_css":"","site-sidebar-layout":"default","site-content-layout":"","ast-site-content-layout":"default","site-content-style":"default","site-sidebar-style":"default","ast-global-header-display":"","ast-banner-title-visibility":"","ast-main-header-display":"","ast-hfb-above-header-display":"","ast-hfb-below-header-display":"","ast-hfb-mobile-header-display":"","site-post-title":"disabled","ast-breadcrumbs-content":"","ast-featured-img":"","footer-sml-layout":"","ast-disable-related-posts":"","theme-transparent-header-meta":"","adv-header-id-meta":"","stick-header-meta":"","header-above-stick-meta":"","header-main-stick-meta":"","header-below-stick-meta":"","astra-migrate-meta-layouts":"set","ast-page-background-enabled":"default","ast-page-background-meta":{"desktop":{"background-color":"","background-image":"","background-repeat":"repeat","background-position":"center center","background-size":"auto","background-attachment":"scroll","background-type":"","background-media":"","overlay-type":"","overlay-color":"","overlay-opacity":"","overlay-gradient":""},"tablet":{"background-color":"","background-image":"","background-repeat":"repeat","background-position":"center center","background-size":"auto","background-attachment":"scroll","background-type":"","background-media":"","overlay-type":"","overlay-color":"","overlay-opacity":"","overlay-gradient":""},"mobile":{"background-color":"","background-image":"","background-repeat":"repeat","background-position":"center center","background-size":"auto","background-attachment":"scroll","background-type":"","background-media":"","overlay-type":"","overlay-color":"","overlay-opacity":"","overlay-gradient":""}},"ast-content-background-meta":{"desktop":{"background-color":"var(--ast-global-color-4)","background-image":"","background-repeat":"repeat","background-position":"center center","background-size":"auto","background-attachment":"scroll","background-type":"","background-media":"","overlay-type":"","overlay-color":"","overlay-opacity":"","overlay-gradient":""},"tablet":{"background-color":"var(--ast-global-color-4)","background-image":"","background-repeat":"repeat","background-position":"center center","background-size":"auto","background-attachment":"scroll","background-type":"","background-media":"","overlay-type":"","overlay-color":"","overlay-opacity":"","overlay-gradient":""},"mobile":{"background-color":"var(--ast-global-color-4)","background-image":"","background-repeat":"repeat","background-position":"center center","background-size":"auto","background-attachment":"scroll","background-type":"","background-media":"","overlay-type":"","overlay-color":"","overlay-opacity":"","overlay-gradient":""}},"footnotes":""},"class_list":["post-1133","page","type-page","status-publish","hentry"],"uagb_featured_image_src":{"full":false,"thumbnail":false,"medium":false,"medium_large":false,"large":false,"1536x1536":false,"2048x2048":false,"trp-custom-language-flag":false},"uagb_author_info":{"display_name":"macedoniachristianchurch.com","author_link":"https:\/\/macedoniachristianchurch.com\/es\/author\/macedoniachristianchurch-com\/"},"uagb_comment_info":0,"uagb_excerpt":"In 2 Corinthians 8-9, Paul says that giving is a way to worship God and that God loves a cheerful giver. We believe that giving offerings signifies the love, gratitude and connection we have with God by willingly sharing a portion of what we have. Doing this demonstrates our trust that He will always supply&hellip;","_links":{"self":[{"href":"https:\/\/macedoniachristianchurch.com\/es\/wp-json\/wp\/v2\/pages\/1133","targetHints":{"allow":["GET"]}}],"collection":[{"href":"https:\/\/macedoniachristianchurch.com\/es\/wp-json\/wp\/v2\/pages"}],"about":[{"href":"https:\/\/macedoniachristianchurch.com\/es\/wp-json\/wp\/v2\/types\/page"}],"author":[{"embeddable":true,"href":"https:\/\/macedoniachristianchurch.com\/es\/wp-json\/wp\/v2\/users\/1"}],"replies":[{"embeddable":true,"href":"https:\/\/macedoniachristianchurch.com\/es\/wp-json\/wp\/v2\/comments?post=1133"}],"version-history":[{"count":36,"href":"https:\/\/macedoniachristianchurch.com\/es\/wp-json\/wp\/v2\/pages\/1133\/revisions"}],"predecessor-version":[{"id":1213,"href":"https:\/\/macedoniachristianchurch.com\/es\/wp-json\/wp\/v2\/pages\/1133\/revisions\/1213"}],"wp:attachment":[{"href":"https:\/\/macedoniachristianchurch.com\/es\/wp-json\/wp\/v2\/media?parent=1133"}],"curies":[{"name":"wp","href":"https:\/\/api.w.org\/{rel}","templated":true}]}}