{"id":413,"date":"2024-05-02T12:30:28","date_gmt":"2024-05-02T12:30:28","guid":{"rendered":"http:\/\/macedoniachristianchurch.com\/about\/"},"modified":"2024-10-28T22:02:17","modified_gmt":"2024-10-28T22:02:17","slug":"who-we-are","status":"publish","type":"page","link":"https:\/\/macedoniachristianchurch.com\/es\/who-we-are\/","title":{"rendered":"Qui\u00e9nes Somos"},"content":{"rendered":"<div class=\"wp-block-uagb-container uagb-block-68ad9ab3 alignfull uagb-is-root-container\"><div class=\"uagb-container-inner-blocks-wrap\"><\/div><\/div>\n\n\n\n<div class=\"wp-block-uagb-container uagb-block-c07c1ca2 alignfull uagb-is-root-container\"><div class=\"uagb-container-inner-blocks-wrap\">\n<div class=\"wp-block-uagb-advanced-heading uagb-block-80e162c2\"><h2 class=\"uagb-heading-text\">Qui\u00e9nes Somos<\/h2><p class=\"uagb-desc-text\">Somos una congregaci\u00f3n peque\u00f1a con un coraz\u00f3n gigante. Lo que atrae a la gente a nuestra humilde congregaci\u00f3n es el amor y la amabilidad que ofrecemos a todos los que entran por nuestras puertas. Tenemos el esp\u00edritu de una iglesia sana del pa\u00eds, con un toque de la gran vida de la ciudad de tiempo.<br><br>Aunque somos peque\u00f1os, cada persona tiene el espacio y el espacio para buscar la validez de Jesucristo sin las molestias, y las presiones impuestas a uno a ser miembro de la iglesia. Cuando estes listo puedes involucrarte, y descubrir gente real que se preocupa por ti como persona.<\/p><\/div>\n<\/div><\/div>\n\n\n\n<div class=\"wp-block-uagb-container uagb-block-ada1b635 alignfull uagb-is-root-container\"><div class=\"uagb-container-inner-blocks-wrap\">\n<div class=\"wp-block-uagb-container uagb-block-acb9b5c9\">\n<div class=\"wp-block-uagb-advanced-heading uagb-block-85aae344\"><h4 class=\"uagb-heading-text\">Nuestra Misi\u00f3n<\/h4><div class=\"uagb-separator\"><\/div><p class=\"uagb-desc-text\">La Iglesia Macedonia es un ministerio contempor\u00e1neo lleno de esp\u00edritu situado en East Harlem, Nueva York. Nuestro prop\u00f3sito es evangelizar a los perdidos, edificar a los creyentes, satisfacer las necesidades de la comunidad y servir como una voz de solidez moral y \u00e9tica.<\/p><\/div>\n\n\n\n<p><\/p>\n\n\n\n<p style=\"padding-top:var(--wp--preset--spacing--30);padding-bottom:var(--wp--preset--spacing--30)\"><\/p>\n<\/div>\n\n\n\n<div class=\"wp-block-uagb-container uagb-block-03a254f1\">\n<div class=\"wp-block-uagb-advanced-heading uagb-block-f897f70d\"><h4 class=\"uagb-heading-text\">Nuestra Visi\u00f3n<\/h4><div class=\"uagb-separator\"><\/div><p class=\"uagb-desc-text\">En la Iglesia Macedonia, nos esforzamos por:<\/p><\/div>\n\n\n\n<div class=\"wp-block-uagb-icon-list uagb-block-300b72ce\"><div class=\"uagb-icon-list__wrap\">\n<div class=\"wp-block-uagb-icon-list-child uagb-block-d455880d\"><a target=\"_self\" aria-label=\"Ser un lugar para personas de todas las naciones\" rel=\"noopener noreferrer\" href=\"#\"> <\/a><span class=\"uagb-icon-list__source-wrap\"><svg xmlns=\"https:\/\/www.w3.org\/2000\/svg\" viewbox=\"0 0 448 512\"><path d=\"M400 288h-352c-17.69 0-32-14.32-32-32.01s14.31-31.99 32-31.99h352c17.69 0 32 14.3 32 31.99S417.7 288 400 288z\"><\/path><\/svg><\/span><span class=\"uagb-icon-list__label\">Ser un lugar para personas de todas las naciones<\/span><\/div>\n\n\n\n<div class=\"wp-block-uagb-icon-list-child uagb-block-ded7d9ca\"><a target=\"_self\" aria-label=\"Establecer relaciones\" rel=\"noopener noreferrer\" href=\"#\"> <\/a><span class=\"uagb-icon-list__source-wrap\"><svg xmlns=\"https:\/\/www.w3.org\/2000\/svg\" viewbox=\"0 0 448 512\"><path d=\"M400 288h-352c-17.69 0-32-14.32-32-32.01s14.31-31.99 32-31.99h352c17.69 0 32 14.3 32 31.99S417.7 288 400 288z\"><\/path><\/svg><\/span><span class=\"uagb-icon-list__label\">Establecer relaciones<\/span><\/div>\n\n\n\n<div class=\"wp-block-uagb-icon-list-child uagb-block-381a9445\"><a target=\"_self\" aria-label=\"Fomentar la verdadera adoraci\u00f3n espiritual\" rel=\"noopener noreferrer\" href=\"#\"> <\/a><span class=\"uagb-icon-list__source-wrap\"><svg xmlns=\"https:\/\/www.w3.org\/2000\/svg\" viewbox=\"0 0 448 512\"><path d=\"M400 288h-352c-17.69 0-32-14.32-32-32.01s14.31-31.99 32-31.99h352c17.69 0 32 14.3 32 31.99S417.7 288 400 288z\"><\/path><\/svg><\/span><span class=\"uagb-icon-list__label\">Fomentar la verdadera adoraci\u00f3n espiritual<\/span><\/div>\n\n\n\n<div class=\"wp-block-uagb-icon-list-child uagb-block-ca423da3\"><span class=\"uagb-icon-list__source-wrap\"><svg xmlns=\"https:\/\/www.w3.org\/2000\/svg\" viewbox=\"0 0 448 512\"><path d=\"M400 288h-352c-17.69 0-32-14.32-32-32.01s14.31-31.99 32-31.99h352c17.69 0 32 14.3 32 31.99S417.7 288 400 288z\"><\/path><\/svg><\/span><span class=\"uagb-icon-list__label\">Celebrar a Jes\u00fas como Se\u00f1or de la Iglesia<\/span><\/div>\n\n\n\n<div class=\"wp-block-uagb-icon-list-child uagb-block-7c451352\"><span class=\"uagb-icon-list__source-wrap\"><svg xmlns=\"https:\/\/www.w3.org\/2000\/svg\" viewbox=\"0 0 448 512\"><path d=\"M400 288h-352c-17.69 0-32-14.32-32-32.01s14.31-31.99 32-31.99h352c17.69 0 32 14.3 32 31.99S417.7 288 400 288z\"><\/path><\/svg><\/span><span class=\"uagb-icon-list__label\">Potenciar el \u00e9xito tanto en la tierra como en el el cielo<\/span><\/div>\n\n\n\n<div class=\"wp-block-uagb-icon-list-child uagb-block-dc617c79\"><span class=\"uagb-icon-list__source-wrap\"><svg xmlns=\"https:\/\/www.w3.org\/2000\/svg\" viewbox=\"0 0 448 512\"><path d=\"M400 288h-352c-17.69 0-32-14.32-32-32.01s14.31-31.99 32-31.99h352c17.69 0 32 14.3 32 31.99S417.7 288 400 288z\"><\/path><\/svg><\/span><span class=\"uagb-icon-list__label\">Alcanzar al mundo con un mensaje de esperanza <\/span><\/div>\n\n\n\n<div class=\"wp-block-uagb-icon-list-child uagb-block-d7416f37\"><span class=\"uagb-icon-list__source-wrap\"><svg xmlns=\"https:\/\/www.w3.org\/2000\/svg\" viewbox=\"0 0 448 512\"><path d=\"M400 288h-352c-17.69 0-32-14.32-32-32.01s14.31-31.99 32-31.99h352c17.69 0 32 14.3 32 31.99S417.7 288 400 288z\"><\/path><\/svg><\/span><span class=\"uagb-icon-list__label\">Discipular al creyente en la palabra escrita<\/span><\/div>\n<\/div><\/div>\n<\/div>\n<\/div><\/div>\n\n\n\n<div class=\"wp-block-uagb-advanced-heading uagb-block-59b7a045\"><h2 class=\"uagb-heading-text\">Creemos<\/h2><p class=\"uagb-desc-text\">La Biblia es nuestra regla suficiente para la fe y la pr\u00e1ctica. Como Iglesia de las Asambleas de Dios, nos adherimos a los principios de fe derivados de la Declaraci\u00f3n oficial de las <strong>Verdades Fundamentales de las Asambleas de Dios:<\/strong><\/p><\/div>\n\n\n\n<div class=\"wp-block-columns is-layout-flex wp-container-core-columns-is-layout-8eb77903 wp-block-columns-is-layout-flex\" style=\"margin-top:0;margin-bottom:0\">\n<div class=\"wp-block-column is-layout-flow wp-block-column-is-layout-flow\" style=\"flex-basis:100%\">\n<ol class=\"wp-block-list\" style=\"margin-top:0;margin-bottom:0\">\n<li style=\"margin-top:0;margin-right:0;margin-bottom:0;margin-left:0\"><a href=\"https:\/\/ag.org\/Beliefs\/Statement-of-Fundamental-Truths#1\">La Inspiraci\u00f3n de las Escrituras<\/a><\/li>\n\n\n\n<li style=\"margin-top:0;margin-right:0;margin-bottom:0;margin-left:0\"><a href=\"https:\/\/ag.org\/Beliefs\/Statement-of-Fundamental-Truths#2\">El \u00danico Dios Verdadero<\/a><\/li>\n\n\n\n<li style=\"margin-top:0;margin-right:0;margin-bottom:0;margin-left:0\"><a href=\"https:\/\/ag.org\/Beliefs\/Statement-of-Fundamental-Truths#3\">La Deidad del Se\u00f1or Jesucristo<\/a><\/li>\n\n\n\n<li style=\"margin-top:0;margin-right:0;margin-bottom:0;margin-left:0\"><a href=\"https:\/\/ag.org\/Beliefs\/Statement-of-Fundamental-Truths#4\">La Ca\u00edda del Hombre<\/a><\/li>\n\n\n\n<li style=\"margin-top:0;margin-right:0;margin-bottom:0;margin-left:0\"><a href=\"https:\/\/ag.org\/Beliefs\/Statement-of-Fundamental-Truths#5\">La Salvaci\u00f3n del Hombre<\/a><\/li>\n\n\n\n<li style=\"margin-top:0;margin-right:0;margin-bottom:0;margin-left:0\"><a href=\"https:\/\/ag.org\/Beliefs\/Statement-of-Fundamental-Truths#6\">Las Ordenanzas de la Iglesia<\/a><\/li>\n\n\n\n<li style=\"margin-top:0;margin-right:0;margin-bottom:0;margin-left:0\"><a href=\"https:\/\/ag.org\/Beliefs\/Statement-of-Fundamental-Truths#7\">El Bautismo en el Esp\u00edritu Santo<\/a><\/li>\n\n\n\n<li style=\"margin-top:0;margin-right:0;margin-bottom:0;margin-left:0\"><a href=\"https:\/\/ag.org\/Beliefs\/Statement-of-Fundamental-Truths#8\">La Evidencia F\u00edsica Inicial del Bautismo en el Esp\u00edritu Santo<\/a><\/li>\n\n\n\n<li style=\"margin-top:0;margin-right:0;margin-bottom:0;margin-left:0\"><a href=\"https:\/\/ag.org\/Beliefs\/Statement-of-Fundamental-Truths#9\">La Santificaci\u00f3n<\/a><\/li>\n\n\n\n<li style=\"margin-top:0;margin-right:0;margin-bottom:0;margin-left:0\"><a href=\"https:\/\/ag.org\/Beliefs\/Statement-of-Fundamental-Truths#10\">La Iglesia y su Misi\u00f3n<\/a><\/li>\n\n\n\n<li style=\"margin-top:0;margin-right:0;margin-bottom:0;margin-left:0\"><a href=\"https:\/\/ag.org\/Beliefs\/Statement-of-Fundamental-Truths#11\">El Ministerio<\/a><\/li>\n\n\n\n<li style=\"margin-top:0;margin-right:0;margin-bottom:0;margin-left:0\"><a href=\"https:\/\/ag.org\/Beliefs\/Statement-of-Fundamental-Truths#12\">Sanidad Divina<\/a><\/li>\n\n\n\n<li style=\"margin-top:0;margin-right:0;margin-bottom:0;margin-left:0\"><a href=\"https:\/\/ag.org\/Beliefs\/Statement-of-Fundamental-Truths#13\">La Esperanza Bienaventurada<\/a><\/li>\n\n\n\n<li style=\"margin-top:0;margin-right:0;margin-bottom:0;margin-left:0\"><a href=\"https:\/\/ag.org\/Beliefs\/Statement-of-Fundamental-Truths#14\">El Reino Milenario de Cristo<\/a><\/li>\n\n\n\n<li style=\"margin-top:0;margin-right:0;margin-bottom:0;margin-left:0\"><a href=\"https:\/\/ag.org\/Beliefs\/Statement-of-Fundamental-Truths#15\">El Juicio Final<\/a><\/li>\n\n\n\n<li style=\"margin-top:0px;margin-right:0;margin-bottom:0px;margin-left:0\"><a href=\"https:\/\/ag.org\/Beliefs\/Statement-of-Fundamental-Truths#16\">Los Cielos Nuevos y la Tierra Nueva<\/a><\/li>\n<\/ol>\n<\/div>\n<\/div>","protected":false},"excerpt":{"rendered":"<p>Who We Are We are a small congregation with a giant heart. What attracts people to our humble congregation is the love and friendliness that we offer to all who enter through our doors. We have the spirit of a country wholesome church, with a flair of the big time City life. Though we are [&hellip;]<\/p>","protected":false},"author":1,"featured_media":0,"parent":0,"menu_order":0,"comment_status":"closed","ping_status":"closed","template":"","meta":{"_uag_custom_page_level_css":"","site-sidebar-layout":"no-sidebar","site-content-layout":"plain-container","ast-site-content-layout":"normal-width-container","site-content-style":"unboxed","site-sidebar-style":"unboxed","ast-global-header-display":"","ast-banner-title-visibility":"","ast-main-header-display":"","ast-hfb-above-header-display":"","ast-hfb-below-header-display":"","ast-hfb-mobile-header-display":"","site-post-title":"disabled","ast-breadcrumbs-content":"","ast-featured-img":"disabled","footer-sml-layout":"","ast-disable-related-posts":"","theme-transparent-header-meta":"enabled","adv-header-id-meta":"","stick-header-meta":"","header-above-stick-meta":"","header-main-stick-meta":"","header-below-stick-meta":"","astra-migrate-meta-layouts":"set","ast-page-background-enabled":"default","ast-page-background-meta":{"desktop":{"background-color":"","background-image":"","background-repeat":"repeat","background-position":"center center","background-size":"auto","background-attachment":"scroll","background-type":"","background-media":"","overlay-type":"","overlay-color":"","overlay-opacity":"","overlay-gradient":""},"tablet":{"background-color":"","background-image":"","background-repeat":"repeat","background-position":"center center","background-size":"auto","background-attachment":"scroll","background-type":"","background-media":"","overlay-type":"","overlay-color":"","overlay-opacity":"","overlay-gradient":""},"mobile":{"background-color":"","background-image":"","background-repeat":"repeat","background-position":"center center","background-size":"auto","background-attachment":"scroll","background-type":"","background-media":"","overlay-type":"","overlay-color":"","overlay-opacity":"","overlay-gradient":""}},"ast-content-background-meta":{"desktop":{"background-color":"var(--ast-global-color-4)","background-image":"","background-repeat":"repeat","background-position":"center center","background-size":"auto","background-attachment":"scroll","background-type":"","background-media":"","overlay-type":"","overlay-color":"","overlay-opacity":"","overlay-gradient":""},"tablet":{"background-color":"var(--ast-global-color-4)","background-image":"","background-repeat":"repeat","background-position":"center center","background-size":"auto","background-attachment":"scroll","background-type":"","background-media":"","overlay-type":"","overlay-color":"","overlay-opacity":"","overlay-gradient":""},"mobile":{"background-color":"var(--ast-global-color-4)","background-image":"","background-repeat":"repeat","background-position":"center center","background-size":"auto","background-attachment":"scroll","background-type":"","background-media":"","overlay-type":"","overlay-color":"","overlay-opacity":"","overlay-gradient":""}},"footnotes":""},"class_list":["post-413","page","type-page","status-publish","hentry"],"uagb_featured_image_src":{"full":false,"thumbnail":false,"medium":false,"medium_large":false,"large":false,"1536x1536":false,"2048x2048":false,"trp-custom-language-flag":false},"uagb_author_info":{"display_name":"macedoniachristianchurch.com","author_link":"https:\/\/macedoniachristianchurch.com\/es\/author\/macedoniachristianchurch-com\/"},"uagb_comment_info":0,"uagb_excerpt":"Who We Are We are a small congregation with a giant heart. What attracts people to our humble congregation is the love and friendliness that we offer to all who enter through our doors. We have the spirit of a country wholesome church, with a flair of the big time City life. Though we are&hellip;","_links":{"self":[{"href":"https:\/\/macedoniachristianchurch.com\/es\/wp-json\/wp\/v2\/pages\/413","targetHints":{"allow":["GET"]}}],"collection":[{"href":"https:\/\/macedoniachristianchurch.com\/es\/wp-json\/wp\/v2\/pages"}],"about":[{"href":"https:\/\/macedoniachristianchurch.com\/es\/wp-json\/wp\/v2\/types\/page"}],"author":[{"embeddable":true,"href":"https:\/\/macedoniachristianchurch.com\/es\/wp-json\/wp\/v2\/users\/1"}],"replies":[{"embeddable":true,"href":"https:\/\/macedoniachristianchurch.com\/es\/wp-json\/wp\/v2\/comments?post=413"}],"version-history":[{"count":43,"href":"https:\/\/macedoniachristianchurch.com\/es\/wp-json\/wp\/v2\/pages\/413\/revisions"}],"predecessor-version":[{"id":957,"href":"https:\/\/macedoniachristianchurch.com\/es\/wp-json\/wp\/v2\/pages\/413\/revisions\/957"}],"wp:attachment":[{"href":"https:\/\/macedoniachristianchurch.com\/es\/wp-json\/wp\/v2\/media?parent=413"}],"curies":[{"name":"wp","href":"https:\/\/api.w.org\/{rel}","templated":true}]}}