{"id":674,"date":"2024-05-23T17:46:03","date_gmt":"2024-05-23T17:46:03","guid":{"rendered":"https:\/\/macedoniachristianchurch.com\/?page_id=674"},"modified":"2025-01-18T07:30:42","modified_gmt":"2025-01-18T07:30:42","slug":"salvation","status":"publish","type":"page","link":"https:\/\/macedoniachristianchurch.com\/es\/salvation\/","title":{"rendered":"Salvaci\u00f3n"},"content":{"rendered":"<div class=\"wp-block-uagb-container uagb-block-e3dc2fd8 alignfull uagb-is-root-container\"><div class=\"uagb-container-inner-blocks-wrap\"><\/div><\/div>\n\n\n\n<div class=\"wp-block-uagb-container uagb-block-rhheokqr alignfull uagb-is-root-container\"><div class=\"uagb-container-inner-blocks-wrap\">\n<div class=\"wp-block-uagb-advanced-heading uagb-block-1a19c450\"><h2 class=\"uagb-heading-text\">Salvaci\u00f3n<\/h2><p class=\"uagb-desc-text\">\u00bfSab\u00edas que antes de que nacieras, es m\u00e1s, antes de que se formara la tierra, Dios te amaba y pretend\u00eda que tuvi\u00e9ramos una relaci\u00f3n con \u00e9l (Efesios 1:4)? Sin embargo, la Biblia dice que \"todos han pecado y est\u00e1n privados de la gloria de Dios\" (Romanos 3:23). Esto no significa que \u00c9l no nos ame, sino que nuestra naturaleza pecaminosa nos ha separado de \u00c9l. <br><br>La buena noticia es que podemos reparar esa relaci\u00f3n con Dios y pasar la eternidad en el cielo a trav\u00e9s de la salvaci\u00f3n. La Biblia nos dice que \"la paga del pecado es muerte, mientras que el regalo de Dios es vida eterna en Cristo Jes\u00fas, nuestro Se\u00f1or\". Dios nos dio una manera de asegurarnos de vivir una vida abundante (Juan 10:10) con \u00c9l y el primer paso es recibir la salvaci\u00f3n:<br><br>1. <strong>Date cuenta de que eres un pecador.<\/strong><br>No importa cu\u00e1n buena vida tratemos de vivir, a\u00fan as\u00ed nos quedamos miserablemente cortos de ser una buena persona (Marcos 10:18). Esto se debe a que todos somos pecadores. Todos estamos lejos del deseo de Dios de que seamos santos (Romanos 3:23). Independientemente de lo buena que creamos que es una persona, la Biblia dice que nadie es bueno (Romanos 3:10). Esto se debe a que no podemos llegar a ser lo que se supone que debemos ser sin Jesucristo.<br><br>2. <strong>Reconoce que Jesucristo muri\u00f3 en la cruz por ti.<\/strong><br>La Biblia nos dice que Dios envi\u00f3 a Jesucristo a morir por nosotros cuando a\u00fan \u00e9ramos pecadores (Romanos 5:8). Esta es la Buena Nueva, que Dios nos ama tanto que envi\u00f3 a Su \u00fanico Hijo a morir en nuestro lugar cuando menos lo merec\u00edamos (Juan 3:16).<br><br>3. <strong>Arrepi\u00e9ntete de tu pecado.<\/strong><br>La Biblia nos dice \"arrepent\u00edos y convert\u00edos\" (Hechos 3:19). La palabra arrepentirse significa cambiar nuestra direcci\u00f3n en la vida. En lugar de huir de Dios, podemos correr hacia \u00c9l. Si le confesamos nuestros pecados, \u00c9l nos perdonar\u00e1 o todo lo que hayamos hecho mal (1 Juan 1:9).<br><br>4. <strong>Recibe a Jesucristo en tu vida.<\/strong><br>Convertirse en cristiano no es simplemente creer en alg\u00fan credo o ir a la iglesia el domingo. Es tener a Cristo mismo en tu vida y en tu coraz\u00f3n. Jes\u00fas dijo: \"Yo estoy a la puerta y llamo. Si alguien oye mi voz y abre la puerta, entrar\u00e9 en su casa y comer\u00e9 con \u00e9l, y \u00e9l conmigo\" (Apocalipsis 3:20).<br><br>Si desea tener una relaci\u00f3n con Cristo, simplemente rece esta oraci\u00f3n y t\u00f3mela en serio en su coraz\u00f3n: <br><br><em><strong>\"Se\u00f1or Jes\u00fas, reconozco que soy pecador. Creo que moriste por mis pecados. Ahora mismo, me aparto de mis pecados y abro la puerta de mi coraz\u00f3n y de mi vida. Te confieso como mi Se\u00f1or y Salvador personal. Gracias por salvarme. Am\u00e9n.\"<\/strong> <\/em><br><br>Si acabas de rezar esa oraci\u00f3n y lo has hecho en serio, \u00a1Jesucristo ha tomado ahora residencia en tu coraz\u00f3n! Tu decisi\u00f3n de seguir a Cristo significa que Dios te ha perdonado y que pasar\u00e1s la eternidad en el cielo (2 Pedro 9:9). Para poner tu fe en acci\u00f3n, aseg\u00farate de pasar tiempo con Dios leyendo tu Biblia, orando, yendo a la iglesia y hablando a otros acerca de Cristo. Estas actividades te har\u00e1n crecer en el car\u00e1cter de Cristo.<\/p><\/div>\n<\/div><\/div>","protected":false},"excerpt":{"rendered":"<p>Salvation Did you know that before you were born, moreover, before the earth was formed, God loved you and intended for us to have a relationship with him (Ephesians 1:4)? However, the bible says that &#8220;All have sinned, and come short of the glory of God\u201d (Romans 3:23). This doesn&#8217;t mean that He doesn&#8217;t love [&hellip;]<\/p>","protected":false},"author":1,"featured_media":0,"parent":0,"menu_order":0,"comment_status":"closed","ping_status":"closed","template":"","meta":{"_uag_custom_page_level_css":"","site-sidebar-layout":"default","site-content-layout":"","ast-site-content-layout":"full-width-container","site-content-style":"default","site-sidebar-style":"default","ast-global-header-display":"","ast-banner-title-visibility":"","ast-main-header-display":"","ast-hfb-above-header-display":"","ast-hfb-below-header-display":"","ast-hfb-mobile-header-display":"","site-post-title":"disabled","ast-breadcrumbs-content":"","ast-featured-img":"disabled","footer-sml-layout":"","ast-disable-related-posts":"","theme-transparent-header-meta":"","adv-header-id-meta":"","stick-header-meta":"","header-above-stick-meta":"","header-main-stick-meta":"","header-below-stick-meta":"","astra-migrate-meta-layouts":"set","ast-page-background-enabled":"default","ast-page-background-meta":{"desktop":{"background-color":"","background-image":"","background-repeat":"repeat","background-position":"center center","background-size":"auto","background-attachment":"scroll","background-type":"","background-media":"","overlay-type":"","overlay-color":"","overlay-opacity":"","overlay-gradient":""},"tablet":{"background-color":"","background-image":"","background-repeat":"repeat","background-position":"center center","background-size":"auto","background-attachment":"scroll","background-type":"","background-media":"","overlay-type":"","overlay-color":"","overlay-opacity":"","overlay-gradient":""},"mobile":{"background-color":"","background-image":"","background-repeat":"repeat","background-position":"center center","background-size":"auto","background-attachment":"scroll","background-type":"","background-media":"","overlay-type":"","overlay-color":"","overlay-opacity":"","overlay-gradient":""}},"ast-content-background-meta":{"desktop":{"background-color":"var(--ast-global-color-4)","background-image":"","background-repeat":"repeat","background-position":"center center","background-size":"auto","background-attachment":"scroll","background-type":"","background-media":"","overlay-type":"","overlay-color":"","overlay-opacity":"","overlay-gradient":""},"tablet":{"background-color":"var(--ast-global-color-4)","background-image":"","background-repeat":"repeat","background-position":"center center","background-size":"auto","background-attachment":"scroll","background-type":"","background-media":"","overlay-type":"","overlay-color":"","overlay-opacity":"","overlay-gradient":""},"mobile":{"background-color":"var(--ast-global-color-4)","background-image":"","background-repeat":"repeat","background-position":"center center","background-size":"auto","background-attachment":"scroll","background-type":"","background-media":"","overlay-type":"","overlay-color":"","overlay-opacity":"","overlay-gradient":""}},"footnotes":""},"class_list":["post-674","page","type-page","status-publish","hentry"],"uagb_featured_image_src":{"full":false,"thumbnail":false,"medium":false,"medium_large":false,"large":false,"1536x1536":false,"2048x2048":false,"trp-custom-language-flag":false},"uagb_author_info":{"display_name":"macedoniachristianchurch.com","author_link":"https:\/\/macedoniachristianchurch.com\/es\/author\/macedoniachristianchurch-com\/"},"uagb_comment_info":0,"uagb_excerpt":"Salvation Did you know that before you were born, moreover, before the earth was formed, God loved you and intended for us to have a relationship with him (Ephesians 1:4)? However, the bible says that &#8220;All have sinned, and come short of the glory of God\u201d (Romans 3:23). This doesn&#8217;t mean that He doesn&#8217;t love&hellip;","_links":{"self":[{"href":"https:\/\/macedoniachristianchurch.com\/es\/wp-json\/wp\/v2\/pages\/674","targetHints":{"allow":["GET"]}}],"collection":[{"href":"https:\/\/macedoniachristianchurch.com\/es\/wp-json\/wp\/v2\/pages"}],"about":[{"href":"https:\/\/macedoniachristianchurch.com\/es\/wp-json\/wp\/v2\/types\/page"}],"author":[{"embeddable":true,"href":"https:\/\/macedoniachristianchurch.com\/es\/wp-json\/wp\/v2\/users\/1"}],"replies":[{"embeddable":true,"href":"https:\/\/macedoniachristianchurch.com\/es\/wp-json\/wp\/v2\/comments?post=674"}],"version-history":[{"count":36,"href":"https:\/\/macedoniachristianchurch.com\/es\/wp-json\/wp\/v2\/pages\/674\/revisions"}],"predecessor-version":[{"id":895,"href":"https:\/\/macedoniachristianchurch.com\/es\/wp-json\/wp\/v2\/pages\/674\/revisions\/895"}],"wp:attachment":[{"href":"https:\/\/macedoniachristianchurch.com\/es\/wp-json\/wp\/v2\/media?parent=674"}],"curies":[{"name":"wp","href":"https:\/\/api.w.org\/{rel}","templated":true}]}}