{"id":677,"date":"2024-05-23T17:46:03","date_gmt":"2024-05-23T17:46:03","guid":{"rendered":"https:\/\/macedoniachristianchurch.com\/?page_id=677"},"modified":"2025-02-03T22:23:50","modified_gmt":"2025-02-03T22:23:50","slug":"our-pastors","status":"publish","type":"page","link":"https:\/\/macedoniachristianchurch.com\/es\/our-pastors\/","title":{"rendered":"Nuestros Pastores"},"content":{"rendered":"<div class=\"wp-block-uagb-container uagb-block-5fe2ba5c alignfull uagb-is-root-container\"><div class=\"uagb-container-inner-blocks-wrap\"><\/div><\/div>\n\n\n\n<figure class=\"wp-block-image alignright size-full is-resized has-custom-border\"><img loading=\"lazy\" decoding=\"async\" width=\"11520\" height=\"3456\" src=\"https:\/\/macedoniachristianchurch.com\/wp-content\/uploads\/2025\/01\/Pastores-Principales.png\" alt=\"\" class=\"wp-image-1180\" style=\"border-style:none;border-width:0px;border-radius:0px;width:572px;height:auto\" srcset=\"https:\/\/macedoniachristianchurch.com\/wp-content\/uploads\/2025\/01\/Pastores-Principales.png 11520w, https:\/\/macedoniachristianchurch.com\/wp-content\/uploads\/2025\/01\/Pastores-Principales-300x90.png 300w, https:\/\/macedoniachristianchurch.com\/wp-content\/uploads\/2025\/01\/Pastores-Principales-1024x307.png 1024w, https:\/\/macedoniachristianchurch.com\/wp-content\/uploads\/2025\/01\/Pastores-Principales-768x230.png 768w, https:\/\/macedoniachristianchurch.com\/wp-content\/uploads\/2025\/01\/Pastores-Principales-1536x461.png 1536w, https:\/\/macedoniachristianchurch.com\/wp-content\/uploads\/2025\/01\/Pastores-Principales-2048x614.png 2048w, https:\/\/macedoniachristianchurch.com\/wp-content\/uploads\/2025\/01\/Pastores-Principales-18x5.png 18w\" sizes=\"auto, (max-width: 11520px) 100vw, 11520px\" \/><figcaption class=\"wp-element-caption\">Por cerca de 30 a\u00f1os, el Pastor Antonio y Haydee Serrano han servido como Pastores Principales en congregaciones urbanas y suburbanas a trav\u00e9s del Estado de Nueva York. <br><br>El Pastor Antonio Serrano invit\u00f3 a Jesucristo a su coraz\u00f3n a la edad de nueve a\u00f1os en una reuni\u00f3n de avanzada de los Royal Rangers. Desde su verdadera conversi\u00f3n en 1973 ha estado predicando y ense\u00f1ando la Palabra de Dios. Su primer p\u00falpito fueron las esquinas de las calles de Brooklyn, predicando a quien quisiera escuchar.<br><br>Se cas\u00f3 con Haydee Arroyo, una puertorrique\u00f1a nacida y criada en Nueva York, en 1979. Juntos tienen tres hijos y seis nietos. Sirvieron como Pastores de J\u00f3venes en Manhattan bajo el Rev. Porfirio y Julia Reyes, quienes profetizaron el llamado pastoral sobre su vida, y bajo el Rev. Luis A. y Rosa Rojas.<br><br>Junto con las responsabilidades de ministrar y dirigir una iglesia han co-fundado, dirigido y ense\u00f1ado en dos Academias Cristianas. La primera fue Calvary Christian Academy en Brooklyn (1991), Nueva York, y la otra Ebenezer Christian Academy localizada en Bayshore, Nueva York (1994).<br><br>En septiembre de 2004, se convirtieron en los Pastores Principales de Macedonia Assemblies of God, una de las iglesias latinas m\u00e1s antiguas en la ciudad de Nueva York.<br><br>La educaci\u00f3n contin\u00faa estando en los corazones y mentes de nuestros pastores. En 2005, se hicieron cargo como directores del cap\u00edtulo de la Secci\u00f3n de Manhattan del Instituto B\u00edblico del Distrito Este de las Asambleas de Dios en espa\u00f1ol, que ofrece un programa educativo de 4 a\u00f1os, en ingl\u00e9s o espa\u00f1ol, para la formaci\u00f3n teol\u00f3gica y b\u00edblica, orientaci\u00f3n espiritual y habilidades para aquellos que desean servir en el ministerio cristiano. Las clases se impart\u00edan originalmente en la Iglesia Macedonia antes de la pandemia y desde 2019, la escuela ha estado operando virtualmente, donde han podido inscribir a estudiantes en todo el pa\u00eds.<\/figcaption><\/figure>\n\n\n\n<div class=\"wp-block-group is-content-justification-left is-layout-constrained wp-container-core-group-is-layout-12dd3699 wp-block-group-is-layout-constrained\">\n<div class=\"wp-block-columns is-layout-flex wp-container-core-columns-is-layout-28f84493 wp-block-columns-is-layout-flex\">\n<div class=\"wp-block-column is-layout-flow wp-block-column-is-layout-flow\" style=\"flex-basis:100%\">\n<div class=\"wp-block-group is-nowrap is-layout-flex wp-container-core-group-is-layout-6c531013 wp-block-group-is-layout-flex\">\n<div class=\"wp-block-columns is-layout-flex wp-container-core-columns-is-layout-28f84493 wp-block-columns-is-layout-flex\">\n<div class=\"wp-block-column is-layout-flow wp-block-column-is-layout-flow\" style=\"flex-basis:100%\">\n<div class=\"wp-block-uagb-image uagb-block-ad0e41b2 wp-block-uagb-image--layout-default wp-block-uagb-image--effect-static wp-block-uagb-image--align-none\"><figure class=\"wp-block-uagb-image__figure\"><img decoding=\"async\"  sizes=\"auto, (max-width: 480px) 150px\" src=\"https:\/\/macedoniachristianchurch.com\/wp-content\/uploads\/2024\/05\/IMG_2291-768x1024.jpg\" alt=\"\" width=\"768\" height=\"1024\" title=\"\" loading=\"lazy\" role=\"img\"\/><\/figure><\/div>\n<\/div>\n<\/div>\n\n\n\n<div class=\"wp-block-columns is-layout-flex wp-container-core-columns-is-layout-28f84493 wp-block-columns-is-layout-flex\">\n<div class=\"wp-block-column is-layout-flow wp-block-column-is-layout-flow\" style=\"flex-basis:100%\"><\/div>\n<\/div>\n<\/div>\n<\/div>\n<\/div>\n<\/div>\n\n\n\n<div class=\"wp-block-uagb-container uagb-block-77cbf0a6 alignfull uagb-is-root-container\"><div class=\"uagb-container-inner-blocks-wrap\"><\/div><\/div>","protected":false},"excerpt":{"rendered":"","protected":false},"author":1,"featured_media":0,"parent":0,"menu_order":0,"comment_status":"closed","ping_status":"closed","template":"","meta":{"_uag_custom_page_level_css":"","site-sidebar-layout":"default","site-content-layout":"","ast-site-content-layout":"default","site-content-style":"default","site-sidebar-style":"default","ast-global-header-display":"","ast-banner-title-visibility":"","ast-main-header-display":"","ast-hfb-above-header-display":"","ast-hfb-below-header-display":"","ast-hfb-mobile-header-display":"","site-post-title":"disabled","ast-breadcrumbs-content":"","ast-featured-img":"","footer-sml-layout":"","ast-disable-related-posts":"","theme-transparent-header-meta":"","adv-header-id-meta":"","stick-header-meta":"","header-above-stick-meta":"","header-main-stick-meta":"","header-below-stick-meta":"","astra-migrate-meta-layouts":"set","ast-page-background-enabled":"default","ast-page-background-meta":{"desktop":{"background-color":"","background-image":"","background-repeat":"repeat","background-position":"center center","background-size":"auto","background-attachment":"scroll","background-type":"","background-media":"","overlay-type":"","overlay-color":"","overlay-opacity":"","overlay-gradient":""},"tablet":{"background-color":"","background-image":"","background-repeat":"repeat","background-position":"center center","background-size":"auto","background-attachment":"scroll","background-type":"","background-media":"","overlay-type":"","overlay-color":"","overlay-opacity":"","overlay-gradient":""},"mobile":{"background-color":"","background-image":"","background-repeat":"repeat","background-position":"center center","background-size":"auto","background-attachment":"scroll","background-type":"","background-media":"","overlay-type":"","overlay-color":"","overlay-opacity":"","overlay-gradient":""}},"ast-content-background-meta":{"desktop":{"background-color":"var(--ast-global-color-4)","background-image":"","background-repeat":"repeat","background-position":"center center","background-size":"auto","background-attachment":"scroll","background-type":"","background-media":"","overlay-type":"","overlay-color":"","overlay-opacity":"","overlay-gradient":""},"tablet":{"background-color":"var(--ast-global-color-4)","background-image":"","background-repeat":"repeat","background-position":"center center","background-size":"auto","background-attachment":"scroll","background-type":"","background-media":"","overlay-type":"","overlay-color":"","overlay-opacity":"","overlay-gradient":""},"mobile":{"background-color":"var(--ast-global-color-4)","background-image":"","background-repeat":"repeat","background-position":"center center","background-size":"auto","background-attachment":"scroll","background-type":"","background-media":"","overlay-type":"","overlay-color":"","overlay-opacity":"","overlay-gradient":""}},"footnotes":""},"class_list":["post-677","page","type-page","status-publish","hentry"],"uagb_featured_image_src":{"full":false,"thumbnail":false,"medium":false,"medium_large":false,"large":false,"1536x1536":false,"2048x2048":false,"trp-custom-language-flag":false},"uagb_author_info":{"display_name":"macedoniachristianchurch.com","author_link":"https:\/\/macedoniachristianchurch.com\/es\/author\/macedoniachristianchurch-com\/"},"uagb_comment_info":0,"uagb_excerpt":null,"_links":{"self":[{"href":"https:\/\/macedoniachristianchurch.com\/es\/wp-json\/wp\/v2\/pages\/677","targetHints":{"allow":["GET"]}}],"collection":[{"href":"https:\/\/macedoniachristianchurch.com\/es\/wp-json\/wp\/v2\/pages"}],"about":[{"href":"https:\/\/macedoniachristianchurch.com\/es\/wp-json\/wp\/v2\/types\/page"}],"author":[{"embeddable":true,"href":"https:\/\/macedoniachristianchurch.com\/es\/wp-json\/wp\/v2\/users\/1"}],"replies":[{"embeddable":true,"href":"https:\/\/macedoniachristianchurch.com\/es\/wp-json\/wp\/v2\/comments?post=677"}],"version-history":[{"count":62,"href":"https:\/\/macedoniachristianchurch.com\/es\/wp-json\/wp\/v2\/pages\/677\/revisions"}],"predecessor-version":[{"id":1271,"href":"https:\/\/macedoniachristianchurch.com\/es\/wp-json\/wp\/v2\/pages\/677\/revisions\/1271"}],"wp:attachment":[{"href":"https:\/\/macedoniachristianchurch.com\/es\/wp-json\/wp\/v2\/media?parent=677"}],"curies":[{"name":"wp","href":"https:\/\/api.w.org\/{rel}","templated":true}]}}