{"id":678,"date":"2024-05-23T17:46:03","date_gmt":"2024-05-23T17:46:03","guid":{"rendered":"https:\/\/macedoniachristianchurch.com\/?page_id=678"},"modified":"2025-02-03T14:53:56","modified_gmt":"2025-02-03T14:53:56","slug":"our-history","status":"publish","type":"page","link":"https:\/\/macedoniachristianchurch.com\/es\/our-history\/","title":{"rendered":"Nuestra Historia"},"content":{"rendered":"<p><\/p>\n\n\n\n<div class=\"wp-block-uagb-container uagb-block-k5orryuo alignfull uagb-is-root-container\"><div class=\"uagb-container-inner-blocks-wrap\">\n<div class=\"wp-block-columns is-layout-flex wp-container-core-columns-is-layout-28f84493 wp-block-columns-is-layout-flex\">\n<div class=\"wp-block-column is-layout-flow wp-block-column-is-layout-flow\" style=\"flex-basis:100%\">\n<div class=\"wp-block-group is-layout-constrained wp-block-group-is-layout-constrained\">\n<div class=\"wp-block-uagb-info-box uagb-block-dw0uyd4u uagb-infobox__content-wrap  uagb-infobox-icon-above-title uagb-infobox-image-valign-top\"><div class=\"uagb-ifb-content\"><div class=\"uagb-ifb-title-wrap\"><h1 class=\"uagb-ifb-title\">Nuestra Historia<\/h1><\/div><p class=\"uagb-ifb-desc\">La Iglesia Cristiana Macedonia de las Asambleas de Dios, comenz\u00f3 el 28 de marzo de 1939, y se incorpor\u00f3 debidamente al Estado de Nueva York en 1954. La iglesia tard\u00f3 <strong>15 a\u00f1os <\/strong>en constituirse porque, en un principio, registrar una iglesia no era un requisito, ni presionaba las mentes y los corazones de la gente.<br><br>Cuando los rugientes a\u00f1os 20 llegaban a su fin, se produjo la quiebra de Wall Street en octubre de 1929, que sumi\u00f3 a Estados Unidos en la Gran Depresi\u00f3n. Mucha gente perdi\u00f3 la esperanza en el futuro y algunos incluso se quitaron la vida. De las cenizas de la destrucci\u00f3n, surgi\u00f3 un grupo de personas que creyeron en Jes\u00fas, clamando qu e \u00c9l era el Se\u00f1or y salvador de la humanidad.<br><br>Al inicio de la recuperaci\u00f3n, muchos puertorrique\u00f1os emigraron de la isla en busca de empleo en la ciudad de Nueva York. El  <strong>Rev. Jose Belen Hernandez<\/strong>, un pastor pentecostal puertorrique\u00f1o, vio la necesidad de fundar una iglesia para inmigrantes latinos en Harlem. Su sue\u00f1o era que hubiera una iglesia en la comunidad que fuera representativa del poder \u00fanico del Evangelio.<br><br>Desde su creaci\u00f3n, Macedonia ha sido una comunidad de culto predominante y un contorno notable en el paisaje religioso de East Harlem, y ha permanecido en una de las comunidades latinas de Nueva York conocida como \"El Barrio\". <\/p><\/div><\/div>\n<\/div>\n<\/div>\n<\/div>\n\n\n\n<div class=\"wp-block-uagb-image aligncenter uagb-block-lunzy7oo wp-block-uagb-image--layout-default wp-block-uagb-image--effect-static wp-block-uagb-image--align-center alignleft\"><figure class=\"wp-block-uagb-image__figure\"><img decoding=\"async\" srcset=\"https:\/\/macedoniachristianchurch.com\/wp-content\/uploads\/2024\/08\/Original-Church-Color-1.png ,https:\/\/macedoniachristianchurch.com\/wp-content\/uploads\/2024\/08\/Original-Church-Color-1.png 780w, https:\/\/macedoniachristianchurch.com\/wp-content\/uploads\/2024\/08\/Original-Church-Color-1.png 360w\" sizes=\"auto, (max-width: 480px) 150px\" src=\"https:\/\/macedoniachristianchurch.com\/wp-content\/uploads\/2024\/08\/Original-Church-Color-1.png\" alt=\"\" class=\"uag-image-803\" width=\"592\" height=\"450\" title=\"Original-Church-Color-1\" loading=\"lazy\" role=\"img\"\/><\/figure><\/div>\n<\/div><\/div>\n\n\n\n<div class=\"wp-block-uagb-container uagb-block-x6qafzkl alignfull uagb-is-root-container\"><div class=\"uagb-container-inner-blocks-wrap\">\n<div class=\"wp-block-uagb-image alignleft uagb-block-score51o wp-block-uagb-image--layout-default wp-block-uagb-image--effect-static wp-block-uagb-image--align-left\"><figure class=\"wp-block-uagb-image__figure\"><img decoding=\"async\" srcset=\"https:\/\/macedoniachristianchurch.com\/wp-content\/uploads\/2024\/08\/Pastor-Valentin.gif ,https:\/\/macedoniachristianchurch.com\/wp-content\/uploads\/2024\/08\/Pastor-Valentin.gif 780w, https:\/\/macedoniachristianchurch.com\/wp-content\/uploads\/2024\/08\/Pastor-Valentin.gif 360w\" sizes=\"auto, (max-width: 480px) 150px\" src=\"https:\/\/macedoniachristianchurch.com\/wp-content\/uploads\/2024\/08\/Pastor-Valentin.gif\" alt=\"\" class=\"uag-image-812\" width=\"554\" height=\"423\" title=\"Pastor-Valentin\" loading=\"lazy\" role=\"img\"\/><\/figure><\/div>\n\n\n\n<div class=\"wp-block-uagb-container uagb-block-riilmtve\">\n<div class=\"wp-block-uagb-info-box uagb-block-245b6e32 uagb-infobox__content-wrap  uagb-infobox-icon-above-title uagb-infobox-image-valign-top\"><div class=\"uagb-ifb-content\"><div class=\"uagb-ifb-title-wrap\"><h3 class=\"uagb-ifb-title\">UBICACIONES A LO LARGO DE LOS A\u00d1OS <\/h3><\/div><p class=\"uagb-ifb-desc\">Entre los a\u00f1os 50 y principios de los 60, Macedonia tuvo dos sedes. La primera fue en la calle 106 y la tercera avenida. Luego, la iglesia se mud\u00f3 al 80 Este de la calle 110. <br><br>A finales de los 60's hasta los 70's, la iglesia estuvo localizada en el 15 Este de la calle 111. <br><br>Finalmente, en 1979, bajo el liderazgo del Pastor <strong>Rev. Manuel Valentin<\/strong> , la iglesia se mud\u00f3 a su ubicaci\u00f3n actual, 340 Este de la calle 106.<\/p><\/div><\/div>\n<\/div>\n<\/div><\/div>\n\n\n\n<div class=\"wp-block-uagb-container uagb-block-0eb4afa7 alignfull uagb-is-root-container\"><div class=\"uagb-container-inner-blocks-wrap\">\n<div class=\"wp-block-uagb-info-box uagb-block-2c3def8c uagb-infobox__content-wrap  uagb-infobox-icon-above-title uagb-infobox-image-valign-top\"><div class=\"uagb-ifb-content\"><div class=\"uagb-ifb-title-wrap\"><h3 class=\"uagb-ifb-title\">EDUCACI\u00d3N TEOL\u00d3GICA<\/h3><\/div><p class=\"uagb-ifb-desc\">Temprano en su historia, Macedonia se convirti\u00f3 en un centro de educaci\u00f3n teol\u00f3gica y preparaci\u00f3n ministerial, estableci\u00e9ndose como uno de los Primeros Institutos B\u00edblicos Hispano Pentecostales en la ciudad de Nueva York para las Asambleas de Dios. Conocido primero como \"Instituto B\u00edblico Hispano - Americano\", muchos l\u00edderes denominacionales y pastores han sido antiguos estudiantes o profesores de Macedonia. Fue el difunto<strong> Rev. Dr. Jose Caraballo<\/strong>, uno de los pastores m\u00e1s formativos de Macedonia, quien comenz\u00f3 este esfuerzo educativo y quien fue instrumental en el establecimiento de sucursales del instituto b\u00edblico en toda el \u00e1rea tri-estatal, as\u00ed como el primer programa de ministerio hispano\/latino en espa\u00f1ol en el seminario teol\u00f3gico de Nueva York.<\/p><\/div><\/div>\n\n\n\n<div class=\"wp-block-uagb-image aligncenter uagb-block-90ceaa6a wp-block-uagb-image--layout-default wp-block-uagb-image--effect-static wp-block-uagb-image--align-center alignleft\"><figure class=\"wp-block-uagb-image__figure\"><img decoding=\"async\" srcset=\"https:\/\/macedoniachristianchurch.com\/wp-content\/uploads\/2024\/08\/Pastor-Caraballo-Color.png ,https:\/\/macedoniachristianchurch.com\/wp-content\/uploads\/2024\/08\/Pastor-Caraballo-Color.png 780w, https:\/\/macedoniachristianchurch.com\/wp-content\/uploads\/2024\/08\/Pastor-Caraballo-Color.png 360w\" sizes=\"auto, (max-width: 480px) 150px\" src=\"https:\/\/macedoniachristianchurch.com\/wp-content\/uploads\/2024\/08\/Pastor-Caraballo-Color.png\" alt=\"\" class=\"uag-image-809\" width=\"503\" height=\"450\" title=\"Pastor-Caraballo-Color\" loading=\"lazy\" role=\"img\"\/><\/figure><\/div>\n<\/div><\/div>\n\n\n\n<div class=\"wp-block-uagb-container uagb-block-863d559a alignfull uagb-is-root-container\"><div class=\"uagb-container-inner-blocks-wrap\">\n<div class=\"wp-block-uagb-image alignleft uagb-block-fabf3a7a wp-block-uagb-image--layout-default wp-block-uagb-image--effect-static wp-block-uagb-image--align-left\"><figure class=\"wp-block-uagb-image__figure\"><img decoding=\"async\" srcset=\"https:\/\/macedoniachristianchurch.com\/wp-content\/uploads\/2024\/05\/4812204007_bee69129c9_k-768x1024.jpg ,https:\/\/macedoniachristianchurch.com\/wp-content\/uploads\/2024\/05\/4812204007_bee69129c9_k.jpg 780w, https:\/\/macedoniachristianchurch.com\/wp-content\/uploads\/2024\/05\/4812204007_bee69129c9_k.jpg 360w\" sizes=\"auto, (max-width: 480px) 150px\" src=\"https:\/\/macedoniachristianchurch.com\/wp-content\/uploads\/2024\/05\/4812204007_bee69129c9_k-768x1024.jpg\" alt=\"\" class=\"uag-image-459\" width=\"556\" height=\"423\" title=\"4812204007_bee69129c9_k\" loading=\"lazy\" role=\"img\"\/><\/figure><\/div>\n\n\n\n<div class=\"wp-block-uagb-container uagb-block-ace2ec97\">\n<div class=\"wp-block-group is-layout-constrained wp-block-group-is-layout-constrained\">\n<div class=\"wp-block-columns is-layout-flex wp-container-core-columns-is-layout-28f84493 wp-block-columns-is-layout-flex\">\n<div class=\"wp-block-column is-layout-flow wp-block-column-is-layout-flow\" style=\"flex-basis:100%\">\n<div class=\"wp-block-uagb-info-box uagb-block-b4495cda uagb-infobox__content-wrap  uagb-infobox-icon-above-title uagb-infobox-image-valign-top\"><div class=\"uagb-ifb-content\"><div class=\"uagb-ifb-title-wrap\"><h3 class=\"uagb-ifb-title\">ORIGEN DEL EDIFICIO<\/h3><\/div><p class=\"uagb-ifb-desc\">La ubicaci\u00f3n actual de la iglesia es muy notable, ya que originalmente albergaba la Iglesia Presbiteriana de la Ascensi\u00f3n. La Iglesia de la Ascensi\u00f3n fue organizada en 1909 por inmigrantes italianos. La congregaci\u00f3n se reun\u00eda al otro lado de la calle de su<br>ubicaci\u00f3n actual, en una tienda de campa\u00f1a. En 1913, el comit\u00e9 de ampliaci\u00f3n de la iglesia, formado por artesanos y constructores, construy\u00f3 la estructura de la iglesia.<br><br>Macedonia contin\u00faa la tradici\u00f3n que sus hermanos y hermanas presbiterianos iniciaron a principios del siglo 20, la de dedicar el edificio como lugar de culto en East Harlem.<\/p><\/div><\/div>\n<\/div>\n<\/div>\n<\/div>\n<\/div>\n<\/div><\/div>\n\n\n\n<div class=\"wp-block-uagb-container uagb-block-4337595f alignfull uagb-is-root-container\"><div class=\"uagb-container-inner-blocks-wrap\">\n<div class=\"wp-block-uagb-info-box uagb-block-21909acf uagb-infobox__content-wrap  uagb-infobox-icon-above-title uagb-infobox-image-valign-top\"><div class=\"uagb-ifb-content\"><div class=\"uagb-ifb-title-wrap\"><h3 class=\"uagb-ifb-title\">D\u00cdA MODERNO<\/h3><\/div><p class=\"uagb-ifb-desc\">El comienzo del siglo 21 y el mundo entrando en el nuevo milenio en el a\u00f1o 2000 plante\u00f3 muchos cambios para Macedonia.<br><br>Despu\u00e9s de 25 a\u00f1os de servicio dedicado a Macedonia, y la comunidad del Barrio, <strong>Rev. Reinaldo Romero <\/strong>sinti\u00f3 del Se\u00f1or que su temporada como pastor principal hab\u00eda llegado a su fin y por lo tanto, renunci\u00f3 a su ministerio en Macedonia. Su renuncia oficial fue aceptada por la congregaci\u00f3n de Macedonia en abril de 2004.<\/p><\/div><\/div>\n\n\n\n<div class=\"wp-block-uagb-image alignright uagb-block-dd25e283 wp-block-uagb-image--layout-default wp-block-uagb-image--effect-static wp-block-uagb-image--align-right alignleft\"><figure class=\"wp-block-uagb-image__figure\"><img decoding=\"async\" srcset=\"https:\/\/macedoniachristianchurch.com\/wp-content\/uploads\/2025\/01\/7399F7E2-CF75-4834-9430-10F04A314DED-edited.jpg ,https:\/\/macedoniachristianchurch.com\/wp-content\/uploads\/2025\/01\/7399F7E2-CF75-4834-9430-10F04A314DED.jpg 780w, https:\/\/macedoniachristianchurch.com\/wp-content\/uploads\/2025\/01\/7399F7E2-CF75-4834-9430-10F04A314DED.jpg 360w\" sizes=\"auto, (max-width: 480px) 150px\" src=\"https:\/\/macedoniachristianchurch.com\/wp-content\/uploads\/2025\/01\/7399F7E2-CF75-4834-9430-10F04A314DED-edited.jpg\" alt=\"\" class=\"uag-image-1110\" width=\"270\" height=\"485\" title=\"Pastor-Reinaldo-Romero\" loading=\"lazy\" role=\"img\"\/><\/figure><\/div>\n<\/div><\/div>\n\n\n\n<div class=\"wp-block-uagb-container uagb-block-9fab8917 alignfull uagb-is-root-container\"><div class=\"uagb-container-inner-blocks-wrap\">\n<div class=\"wp-block-uagb-image alignleft uagb-block-ebaca3cf wp-block-uagb-image--layout-default wp-block-uagb-image--effect-static wp-block-uagb-image--align-left\"><figure class=\"wp-block-uagb-image__figure\"><img decoding=\"async\" srcset=\"https:\/\/macedoniachristianchurch.com\/wp-content\/uploads\/2024\/05\/IMG_2291-768x1024.jpg ,https:\/\/macedoniachristianchurch.com\/wp-content\/uploads\/2024\/05\/IMG_2291-scaled.jpg 780w, https:\/\/macedoniachristianchurch.com\/wp-content\/uploads\/2024\/05\/IMG_2291-scaled.jpg 360w\" sizes=\"auto, (max-width: 480px) 150px\" src=\"https:\/\/macedoniachristianchurch.com\/wp-content\/uploads\/2024\/05\/IMG_2291-768x1024.jpg\" alt=\"\" class=\"uag-image-494\" width=\"346\" height=\"423\" title=\"pastors\" loading=\"lazy\" role=\"img\"\/><\/figure><\/div>\n\n\n\n<div class=\"wp-block-uagb-container uagb-block-096f3e5c\">\n<div class=\"wp-block-uagb-info-box uagb-block-6d079e33 uagb-infobox__content-wrap  uagb-infobox-icon-above-title uagb-infobox-image-valign-top\"><div class=\"uagb-ifb-content\"><div class=\"uagb-ifb-title-wrap\"><h3 class=\"uagb-ifb-title\">CAMBIO DE GUARDIA<\/h3><\/div><p class=\"uagb-ifb-desc\">En septiembre de 2004, el Rev. Antonio A. Serrano fue entrevistado por la junta de la iglesia y acept\u00f3 presentarse como candidato para la iglesia. Se le dio la oportunidad de ministrar en palabra y estudio biblico. El martes 29 de septiembre de 2004, despu\u00e9s de una semana de ministrar, la iglesia tuvo una elecci\u00f3n que result\u00f3 en que el <strong>Rev. Antonio A. Serrano <\/strong>y <strong>Rev. Haydee Serrano <\/strong>se convirtieran en los quintos pastores principales de Macedonia, y su primer equipo de ministros de marido y mujer con credenciales.<\/p><\/div><\/div>\n<\/div>\n<\/div><\/div>","protected":false},"excerpt":{"rendered":"","protected":false},"author":1,"featured_media":0,"parent":0,"menu_order":0,"comment_status":"closed","ping_status":"closed","template":"","meta":{"_uag_custom_page_level_css":"","site-sidebar-layout":"default","site-content-layout":"","ast-site-content-layout":"default","site-content-style":"default","site-sidebar-style":"default","ast-global-header-display":"","ast-banner-title-visibility":"","ast-main-header-display":"","ast-hfb-above-header-display":"","ast-hfb-below-header-display":"","ast-hfb-mobile-header-display":"","site-post-title":"disabled","ast-breadcrumbs-content":"","ast-featured-img":"disabled","footer-sml-layout":"","ast-disable-related-posts":"","theme-transparent-header-meta":"","adv-header-id-meta":"","stick-header-meta":"","header-above-stick-meta":"","header-main-stick-meta":"","header-below-stick-meta":"","astra-migrate-meta-layouts":"set","ast-page-background-enabled":"default","ast-page-background-meta":{"desktop":{"background-color":"","background-image":"","background-repeat":"repeat","background-position":"center center","background-size":"auto","background-attachment":"scroll","background-type":"","background-media":"","overlay-type":"","overlay-color":"","overlay-opacity":"","overlay-gradient":""},"tablet":{"background-color":"","background-image":"","background-repeat":"repeat","background-position":"center center","background-size":"auto","background-attachment":"scroll","background-type":"","background-media":"","overlay-type":"","overlay-color":"","overlay-opacity":"","overlay-gradient":""},"mobile":{"background-color":"","background-image":"","background-repeat":"repeat","background-position":"center center","background-size":"auto","background-attachment":"scroll","background-type":"","background-media":"","overlay-type":"","overlay-color":"","overlay-opacity":"","overlay-gradient":""}},"ast-content-background-meta":{"desktop":{"background-color":"var(--ast-global-color-4)","background-image":"","background-repeat":"repeat","background-position":"center center","background-size":"auto","background-attachment":"scroll","background-type":"","background-media":"","overlay-type":"","overlay-color":"","overlay-opacity":"","overlay-gradient":""},"tablet":{"background-color":"var(--ast-global-color-4)","background-image":"","background-repeat":"repeat","background-position":"center center","background-size":"auto","background-attachment":"scroll","background-type":"","background-media":"","overlay-type":"","overlay-color":"","overlay-opacity":"","overlay-gradient":""},"mobile":{"background-color":"var(--ast-global-color-4)","background-image":"","background-repeat":"repeat","background-position":"center center","background-size":"auto","background-attachment":"scroll","background-type":"","background-media":"","overlay-type":"","overlay-color":"","overlay-opacity":"","overlay-gradient":""}},"footnotes":""},"class_list":["post-678","page","type-page","status-publish","hentry"],"uagb_featured_image_src":{"full":false,"thumbnail":false,"medium":false,"medium_large":false,"large":false,"1536x1536":false,"2048x2048":false,"trp-custom-language-flag":false},"uagb_author_info":{"display_name":"macedoniachristianchurch.com","author_link":"https:\/\/macedoniachristianchurch.com\/es\/author\/macedoniachristianchurch-com\/"},"uagb_comment_info":0,"uagb_excerpt":null,"_links":{"self":[{"href":"https:\/\/macedoniachristianchurch.com\/es\/wp-json\/wp\/v2\/pages\/678","targetHints":{"allow":["GET"]}}],"collection":[{"href":"https:\/\/macedoniachristianchurch.com\/es\/wp-json\/wp\/v2\/pages"}],"about":[{"href":"https:\/\/macedoniachristianchurch.com\/es\/wp-json\/wp\/v2\/types\/page"}],"author":[{"embeddable":true,"href":"https:\/\/macedoniachristianchurch.com\/es\/wp-json\/wp\/v2\/users\/1"}],"replies":[{"embeddable":true,"href":"https:\/\/macedoniachristianchurch.com\/es\/wp-json\/wp\/v2\/comments?post=678"}],"version-history":[{"count":43,"href":"https:\/\/macedoniachristianchurch.com\/es\/wp-json\/wp\/v2\/pages\/678\/revisions"}],"predecessor-version":[{"id":1243,"href":"https:\/\/macedoniachristianchurch.com\/es\/wp-json\/wp\/v2\/pages\/678\/revisions\/1243"}],"wp:attachment":[{"href":"https:\/\/macedoniachristianchurch.com\/es\/wp-json\/wp\/v2\/media?parent=678"}],"curies":[{"name":"wp","href":"https:\/\/api.w.org\/{rel}","templated":true}]}}