{"id":7,"date":"2024-05-02T12:30:28","date_gmt":"2024-05-02T12:30:28","guid":{"rendered":"http:\/\/macedoniachristianchurch.com\/projects\/"},"modified":"2026-01-13T01:36:18","modified_gmt":"2026-01-13T06:36:18","slug":"ministries","status":"publish","type":"page","link":"https:\/\/macedoniachristianchurch.com\/es\/ministries\/","title":{"rendered":"Ministerios"},"content":{"rendered":"<p><\/p>\n\n\n\n<div class=\"wp-block-uagb-advanced-heading uagb-block-385c0ef4\"><h2 class=\"uagb-heading-text\">MINISTERIOS<\/h2><\/div>\n\n\n\n<div class=\"wp-block-uagb-container uagb-block-31923985 alignwide uagb-is-root-container\">\n<div class=\"wp-block-uagb-container uagb-block-c165d7e4\">\n<div class=\"wp-block-uagb-container uagb-block-25e19adf\">\n<div class=\"wp-block-uagb-container uagb-block-ccdb8dc8\">\n<div class=\"wp-block-uagb-info-box uagb-block-de7bb4bb uagb-infobox__content-wrap  uagb-infobox-icon-above-title uagb-infobox-image-valign-top\"><div class=\"uagb-ifb-content\"><div class=\"uagb-ifb-title-wrap\"><h3 class=\"uagb-ifb-title\">Biblia 365<\/h3><\/div><p class=\"uagb-ifb-desc\">Se re\u00fane una vez al mes, los viernes, para fortalecer nuestra fe a trav\u00e9s del aprendizaje compartido de nuestro plan de lectura \"<a href=\"https:\/\/macedoniachristianchurch.com\/wp-content\/uploads\/2026\/01\/BIBLIA-365-PDF-ESP-ACCIONABLE.pdf\" target=\"_blank\" rel=\"noreferrer noopener\"><strong>Biblia 365<\/strong><\/a>\" la oraci\u00f3n, la adoraci\u00f3n y la confraternidad.<\/p><\/div><\/div>\n\n\n\n<div class=\"wp-block-uagb-buttons uagb-buttons__outer-wrap uagb-btn__default-btn uagb-btn-tablet__default-btn uagb-btn-mobile__default-btn uagb-block-f18ad8f3\"><div class=\"uagb-buttons__wrap uagb-buttons-layout-wrap\">\n<div class=\"wp-block-uagb-buttons-child uagb-buttons__outer-wrap uagb-block-99e2a75c wp-block-button\"><div class=\"uagb-button__wrapper\"><a class=\"uagb-buttons-repeater wp-block-button__link\" aria-label=\"\" href=\"https:\/\/macedoniachristianchurch.com\/es\/events\/\" rel=\"follow noopener\" target=\"_self\" role=\"button\"><div class=\"uagb-button__link\">Calendario<\/div><span class=\"uagb-button__icon uagb-button__icon-position-after\"><svg xmlns=\"https:\/\/www.w3.org\/2000\/svg\" viewbox=\"0 0 320 512\" aria-hidden=\"true\" focussable=\"false\"><path d=\"M96 480c-8.188 0-16.38-3.125-22.62-9.375c-12.5-12.5-12.5-32.75 0-45.25L242.8 256L73.38 86.63c-12.5-12.5-12.5-32.75 0-45.25s32.75-12.5 45.25 0l192 192c12.5 12.5 12.5 32.75 0 45.25l-192 192C112.4 476.9 104.2 480 96 480z\"><\/path><\/svg><\/span><\/a><\/div><\/div>\n<\/div><\/div>\n<\/div>\n\n\n\n<div class=\"wp-block-uagb-image uagb-block-50308e32 wp-block-uagb-image--layout-default wp-block-uagb-image--effect-static wp-block-uagb-image--align-none\"><figure class=\"wp-block-uagb-image__figure\"><img decoding=\"async\" srcset=\"https:\/\/macedoniachristianchurch.com\/wp-content\/uploads\/2026\/01\/1.png 1545w, https:\/\/macedoniachristianchurch.com\/wp-content\/uploads\/2026\/01\/1-300x300.png 300w, https:\/\/macedoniachristianchurch.com\/wp-content\/uploads\/2026\/01\/1-1024x1024.png 1024w, https:\/\/macedoniachristianchurch.com\/wp-content\/uploads\/2026\/01\/1-150x150.png 150w, https:\/\/macedoniachristianchurch.com\/wp-content\/uploads\/2026\/01\/1-768x768.png 768w, https:\/\/macedoniachristianchurch.com\/wp-content\/uploads\/2026\/01\/1-1536x1536.png 1536w, https:\/\/macedoniachristianchurch.com\/wp-content\/uploads\/2026\/01\/1-12x12.png 12w\" sizes=\"auto, (max-width: 480px) 150px\" src=\"https:\/\/macedoniachristianchurch.com\/wp-content\/uploads\/2026\/01\/1.png\" alt=\"\" class=\"uag-image-1293\" width=\"610\" height=\"450\" title=\"2\" loading=\"lazy\" role=\"img\"\/><\/figure><\/div>\n<\/div>\n\n\n\n<div class=\"wp-block-uagb-container uagb-block-93a66e2e\">\n<div class=\"wp-block-uagb-image alignleft uagb-block-a23bec3e wp-block-uagb-image--layout-default wp-block-uagb-image--effect-static wp-block-uagb-image--align-left\"><figure class=\"wp-block-uagb-image__figure\"><img decoding=\"async\" srcset=\"https:\/\/macedoniachristianchurch.com\/wp-content\/uploads\/2025\/01\/308562306_456476939847031_1143234473656817296_n-e1736705036782.jpg 953w, https:\/\/macedoniachristianchurch.com\/wp-content\/uploads\/2025\/01\/308562306_456476939847031_1143234473656817296_n-e1736705036782-300x300.jpg 300w, https:\/\/macedoniachristianchurch.com\/wp-content\/uploads\/2025\/01\/308562306_456476939847031_1143234473656817296_n-e1736705036782-150x150.jpg 150w, https:\/\/macedoniachristianchurch.com\/wp-content\/uploads\/2025\/01\/308562306_456476939847031_1143234473656817296_n-e1736705036782-768x767.jpg 768w\" sizes=\"auto, (max-width: 480px) 150px\" src=\"https:\/\/macedoniachristianchurch.com\/wp-content\/uploads\/2025\/01\/308562306_456476939847031_1143234473656817296_n-e1736705036782.jpg\" alt=\"\" class=\"uag-image-1184\" width=\"523\" height=\"334\" title=\"WM\" loading=\"lazy\" role=\"img\"\/><\/figure><\/div>\n\n\n\n<div class=\"wp-block-uagb-container uagb-block-48fa2cd0\">\n<div class=\"wp-block-uagb-info-box uagb-block-adc76bc0 uagb-infobox__content-wrap  uagb-infobox-icon-above-title uagb-infobox-image-valign-top\"><div class=\"uagb-ifb-content\"><div class=\"uagb-ifb-title-wrap\"><h3 class=\"uagb-ifb-title\">Ministerios Femeniles<\/h3><\/div><p class=\"uagb-ifb-desc\">Se re\u00fane una vez al mes, los viernes, para fomentar el crecimiento espiritual, la fortaleza y la unidad de las mujeres.<\/p><\/div><\/div>\n\n\n\n<div class=\"wp-block-uagb-buttons uagb-buttons__outer-wrap uagb-btn__default-btn uagb-btn-tablet__default-btn uagb-btn-mobile__default-btn uagb-block-2eb10ba2\"><div class=\"uagb-buttons__wrap uagb-buttons-layout-wrap\">\n<div class=\"wp-block-uagb-buttons-child uagb-buttons__outer-wrap uagb-block-5fe7c81b wp-block-button\"><div class=\"uagb-button__wrapper\"><a class=\"uagb-buttons-repeater wp-block-button__link\" aria-label=\"\" href=\"https:\/\/macedoniachristianchurch.com\/es\/events\/\" rel=\"follow noopener\" target=\"_self\" role=\"button\"><div class=\"uagb-button__link\">Calendario<\/div><span class=\"uagb-button__icon uagb-button__icon-position-after\"><svg xmlns=\"https:\/\/www.w3.org\/2000\/svg\" viewbox=\"0 0 320 512\" aria-hidden=\"true\" focussable=\"false\"><path d=\"M96 480c-8.188 0-16.38-3.125-22.62-9.375c-12.5-12.5-12.5-32.75 0-45.25L242.8 256L73.38 86.63c-12.5-12.5-12.5-32.75 0-45.25s32.75-12.5 45.25 0l192 192c12.5 12.5 12.5 32.75 0 45.25l-192 192C112.4 476.9 104.2 480 96 480z\"><\/path><\/svg><\/span><\/a><\/div><\/div>\n<\/div><\/div>\n<\/div>\n<\/div>\n\n\n\n<div class=\"wp-block-uagb-container uagb-block-ac98e842\">\n<div class=\"wp-block-uagb-container uagb-block-d9d9ffb3\">\n<div class=\"wp-block-uagb-info-box uagb-block-385fd126 uagb-infobox__content-wrap  uagb-infobox-icon-above-title uagb-infobox-image-valign-top\"><div class=\"uagb-ifb-content\"><div class=\"uagb-ifb-title-wrap\"><h3 class=\"uagb-ifb-title\">Ministerios Juveniles<\/h3><\/div><p class=\"uagb-ifb-desc\">Se re\u00fane una vez al mes los viernes para involucrar, ministrar y equipar a los j\u00f3venes para ser guiados por el esp\u00edritu e impulsados por la misi\u00f3n.<br><br><\/p><\/div><\/div>\n\n\n\n<div class=\"wp-block-uagb-buttons uagb-buttons__outer-wrap uagb-btn__default-btn uagb-btn-tablet__default-btn uagb-btn-mobile__default-btn uagb-block-ec29fa31\"><div class=\"uagb-buttons__wrap uagb-buttons-layout-wrap\">\n<div class=\"wp-block-uagb-buttons-child uagb-buttons__outer-wrap uagb-block-de22ac18 wp-block-button\"><div class=\"uagb-button__wrapper\"><a class=\"uagb-buttons-repeater wp-block-button__link\" aria-label=\"\" href=\"https:\/\/macedoniachristianchurch.com\/es\/events\/\" rel=\"follow noopener\" target=\"_self\" role=\"button\"><div class=\"uagb-button__link\">Calendario<\/div><span class=\"uagb-button__icon uagb-button__icon-position-after\"><svg xmlns=\"https:\/\/www.w3.org\/2000\/svg\" viewbox=\"0 0 320 512\" aria-hidden=\"true\" focussable=\"false\"><path d=\"M96 480c-8.188 0-16.38-3.125-22.62-9.375c-12.5-12.5-12.5-32.75 0-45.25L242.8 256L73.38 86.63c-12.5-12.5-12.5-32.75 0-45.25s32.75-12.5 45.25 0l192 192c12.5 12.5 12.5 32.75 0 45.25l-192 192C112.4 476.9 104.2 480 96 480z\"><\/path><\/svg><\/span><\/a><\/div><\/div>\n<\/div><\/div>\n<\/div>\n\n\n\n<div class=\"wp-block-uagb-image alignleft uagb-block-3473bc00 wp-block-uagb-image--layout-default wp-block-uagb-image--effect-static wp-block-uagb-image--align-left\"><figure class=\"wp-block-uagb-image__figure\"><img decoding=\"async\" srcset=\"https:\/\/macedoniachristianchurch.com\/wp-content\/uploads\/2025\/01\/327138889_1367760147368189_7705072727502618690_n.jpg ,https:\/\/macedoniachristianchurch.com\/wp-content\/uploads\/2025\/01\/327138889_1367760147368189_7705072727502618690_n.jpg 780w, https:\/\/macedoniachristianchurch.com\/wp-content\/uploads\/2025\/01\/327138889_1367760147368189_7705072727502618690_n.jpg 360w\" sizes=\"auto, (max-width: 480px) 150px\" src=\"https:\/\/macedoniachristianchurch.com\/wp-content\/uploads\/2025\/01\/327138889_1367760147368189_7705072727502618690_n.jpg\" alt=\"\" class=\"uag-image-1053\" width=\"600\" height=\"450\" title=\"327138889_1367760147368189_7705072727502618690_n\" loading=\"lazy\" role=\"img\"\/><\/figure><\/div>\n<\/div>\n\n\n\n<div class=\"wp-block-uagb-container uagb-block-f2c15366\">\n<div class=\"wp-block-uagb-image alignleft uagb-block-cd7daf83 wp-block-uagb-image--layout-default wp-block-uagb-image--effect-static wp-block-uagb-image--align-left\"><figure class=\"wp-block-uagb-image__figure\"><img decoding=\"async\" sizes=\"auto, (max-width: 480px) 150px\" src=\"https:\/\/macedoniachristianchurch.com\/wp-content\/uploads\/2025\/01\/Spanish-Spanish-Eastern-MM-Logo_black.webp\" alt=\"\" class=\"uag-image-1186\" width=\"600\" height=\"450\" title=\"Men's Ministries\" loading=\"lazy\" role=\"img\"\/><\/figure><\/div>\n\n\n\n<div class=\"wp-block-uagb-container uagb-block-7ff68a98\">\n<div class=\"wp-block-uagb-info-box uagb-block-159a373b uagb-infobox__content-wrap  uagb-infobox-icon-above-title uagb-infobox-image-valign-top\"><div class=\"uagb-ifb-content\"><div class=\"uagb-ifb-title-wrap\"><h3 class=\"uagb-ifb-title\">Ministerios Varoniles<\/h3><\/div><p class=\"uagb-ifb-desc\">Se re\u00fane una vez al mes los viernes para Servicios Familiares, para adorar en familia, conectarse con Jes\u00fas y Su Palabra.<\/p><\/div><\/div>\n\n\n\n<div class=\"wp-block-uagb-buttons uagb-buttons__outer-wrap uagb-btn__default-btn uagb-btn-tablet__default-btn uagb-btn-mobile__default-btn uagb-block-01cdb84b\"><div class=\"uagb-buttons__wrap uagb-buttons-layout-wrap\">\n<div class=\"wp-block-uagb-buttons-child uagb-buttons__outer-wrap uagb-block-a491fa2f wp-block-button\"><div class=\"uagb-button__wrapper\"><a class=\"uagb-buttons-repeater wp-block-button__link\" aria-label=\"\" href=\"https:\/\/macedoniachristianchurch.com\/es\/events\/\" rel=\"follow noopener\" target=\"_self\" role=\"button\"><div class=\"uagb-button__link\">Calendario<\/div><span class=\"uagb-button__icon uagb-button__icon-position-after\"><svg xmlns=\"https:\/\/www.w3.org\/2000\/svg\" viewbox=\"0 0 320 512\" aria-hidden=\"true\" focussable=\"false\"><path d=\"M96 480c-8.188 0-16.38-3.125-22.62-9.375c-12.5-12.5-12.5-32.75 0-45.25L242.8 256L73.38 86.63c-12.5-12.5-12.5-32.75 0-45.25s32.75-12.5 45.25 0l192 192c12.5 12.5 12.5 32.75 0 45.25l-192 192C112.4 476.9 104.2 480 96 480z\"><\/path><\/svg><\/span><\/a><\/div><\/div>\n<\/div><\/div>\n<\/div>\n<\/div>\n\n\n\n<div class=\"wp-block-uagb-container uagb-block-0a3a7b82\">\n<div class=\"wp-block-uagb-container uagb-block-48075b1c\">\n<div class=\"wp-block-uagb-info-box uagb-block-946c351e uagb-infobox__content-wrap  uagb-infobox-icon-above-title uagb-infobox-image-valign-top\"><div class=\"uagb-ifb-content\"><div class=\"uagb-ifb-title-wrap\"><h3 class=\"uagb-ifb-title\">Ministerio de Ni\u00f1os<\/h3><\/div><p class=\"uagb-ifb-desc\">Se re\u00fane todos los domingos despu\u00e9s del culto para inspirar a los corazones j\u00f3venes con las ense\u00f1anzas de Dios, alimentando su fe y construyendo una base s\u00f3lida para su crecimiento espiritual y ministerio de por vida.<br><br>Ni\u00f1os de 5 a 12 a\u00f1os<\/p><\/div><\/div>\n\n\n\n<div class=\"wp-block-uagb-buttons uagb-buttons__outer-wrap uagb-btn__default-btn uagb-btn-tablet__default-btn uagb-btn-mobile__default-btn uagb-block-7f23031a\"><div class=\"uagb-buttons__wrap uagb-buttons-layout-wrap\">\n<div class=\"wp-block-uagb-buttons-child uagb-buttons__outer-wrap uagb-block-daf3e6e2 wp-block-button\"><div class=\"uagb-button__wrapper\"><a class=\"uagb-buttons-repeater wp-block-button__link\" aria-label=\"\" href=\"https:\/\/macedoniachristianchurch.com\/es\/events\/\" rel=\"follow noopener\" target=\"_self\" role=\"button\"><div class=\"uagb-button__link\">Calendario<\/div><span class=\"uagb-button__icon uagb-button__icon-position-after\"><svg xmlns=\"https:\/\/www.w3.org\/2000\/svg\" viewbox=\"0 0 320 512\" aria-hidden=\"true\" focussable=\"false\"><path d=\"M96 480c-8.188 0-16.38-3.125-22.62-9.375c-12.5-12.5-12.5-32.75 0-45.25L242.8 256L73.38 86.63c-12.5-12.5-12.5-32.75 0-45.25s32.75-12.5 45.25 0l192 192c12.5 12.5 12.5 32.75 0 45.25l-192 192C112.4 476.9 104.2 480 96 480z\"><\/path><\/svg><\/span><\/a><\/div><\/div>\n<\/div><\/div>\n<\/div>\n\n\n\n<div class=\"wp-block-uagb-image alignleft uagb-block-8ab1ce76 wp-block-uagb-image--layout-default wp-block-uagb-image--effect-static wp-block-uagb-image--align-left\"><figure class=\"wp-block-uagb-image__figure\"><img decoding=\"async\" srcset=\"https:\/\/macedoniachristianchurch.com\/wp-content\/uploads\/2025\/01\/MC-Kidz-Logo-1024x576.jpg ,https:\/\/macedoniachristianchurch.com\/wp-content\/uploads\/2025\/01\/MC-Kidz-Logo.jpg 780w, https:\/\/macedoniachristianchurch.com\/wp-content\/uploads\/2025\/01\/MC-Kidz-Logo.jpg 360w\" sizes=\"auto, (max-width: 480px) 150px\" src=\"https:\/\/macedoniachristianchurch.com\/wp-content\/uploads\/2025\/01\/MC-Kidz-Logo-1024x576.jpg\" alt=\"\" class=\"uag-image-1070\" width=\"600\" height=\"450\" title=\"MC Kidz Logo\" loading=\"lazy\" role=\"img\"\/><\/figure><\/div>\n<\/div>\n\n\n\n<div class=\"wp-block-uagb-container uagb-block-3e27d610\">\n<div class=\"wp-block-uagb-image alignleft uagb-block-b8099305 wp-block-uagb-image--layout-default wp-block-uagb-image--effect-static wp-block-uagb-image--align-left\"><figure class=\"wp-block-uagb-image__figure\"><img decoding=\"async\" srcset=\"https:\/\/macedoniachristianchurch.com\/wp-content\/uploads\/2025\/01\/Alimentando-Las-Almas.png 500w, https:\/\/macedoniachristianchurch.com\/wp-content\/uploads\/2025\/01\/Alimentando-Las-Almas-300x300.png 300w, https:\/\/macedoniachristianchurch.com\/wp-content\/uploads\/2025\/01\/Alimentando-Las-Almas-150x150.png 150w, https:\/\/macedoniachristianchurch.com\/wp-content\/uploads\/2025\/01\/Alimentando-Las-Almas-12x12.png 12w\" sizes=\"auto, (max-width: 480px) 150px\" src=\"https:\/\/macedoniachristianchurch.com\/wp-content\/uploads\/2025\/01\/Alimentando-Las-Almas.png\" alt=\"\" class=\"uag-image-1080\" width=\"612\" height=\"450\" title=\"Feeding the Souls Logo\" loading=\"lazy\" role=\"img\"\/><\/figure><\/div>\n\n\n\n<div class=\"wp-block-uagb-container uagb-block-cf152f6d alignfull uagb-is-root-container\"><div class=\"uagb-container-inner-blocks-wrap\">\n<div class=\"wp-block-uagb-info-box uagb-block-0e39bbe0 uagb-infobox__content-wrap  uagb-infobox-icon-above-title uagb-infobox-image-valign-top\"><div class=\"uagb-ifb-content\"><div class=\"uagb-ifb-title-wrap\"><h3 class=\"uagb-ifb-title\">Alimentando las Almas<\/h3><\/div><p class=\"uagb-ifb-desc\">Se re\u00fane una vez al mes, los s\u00e1bados, para servir a la comunidad, difundir la palabra de Dios y compartir su amor misericordioso.<\/p><\/div><\/div>\n\n\n\n<div class=\"wp-block-uagb-buttons uagb-buttons__outer-wrap uagb-btn__default-btn uagb-btn-tablet__default-btn uagb-btn-mobile__default-btn uagb-block-485c5f8e\"><div class=\"uagb-buttons__wrap uagb-buttons-layout-wrap\">\n<div class=\"wp-block-uagb-buttons-child uagb-buttons__outer-wrap uagb-block-00c53261 wp-block-button\"><div class=\"uagb-button__wrapper\"><a class=\"uagb-buttons-repeater wp-block-button__link\" aria-label=\"\" href=\"https:\/\/macedoniachristianchurch.com\/es\/events\/\" rel=\"follow noopener\" target=\"_self\" role=\"button\"><div class=\"uagb-button__link\">Calendario<\/div><span class=\"uagb-button__icon uagb-button__icon-position-after\"><svg xmlns=\"https:\/\/www.w3.org\/2000\/svg\" viewbox=\"0 0 320 512\" aria-hidden=\"true\" focussable=\"false\"><path d=\"M96 480c-8.188 0-16.38-3.125-22.62-9.375c-12.5-12.5-12.5-32.75 0-45.25L242.8 256L73.38 86.63c-12.5-12.5-12.5-32.75 0-45.25s32.75-12.5 45.25 0l192 192c12.5 12.5 12.5 32.75 0 45.25l-192 192C112.4 476.9 104.2 480 96 480z\"><\/path><\/svg><\/span><\/a><\/div><\/div>\n<\/div><\/div>\n<\/div><\/div>\n<\/div>\n\n\n\n<div class=\"wp-block-uagb-container uagb-block-87af5947\">\n<div class=\"wp-block-uagb-container uagb-block-eb8e11d2 alignfull uagb-is-root-container\"><div class=\"uagb-container-inner-blocks-wrap\">\n<div class=\"wp-block-uagb-info-box uagb-block-68785032 uagb-infobox__content-wrap  uagb-infobox-icon-above-title uagb-infobox-image-valign-top\"><div class=\"uagb-ifb-content\"><div class=\"uagb-ifb-title-wrap\"><h3 class=\"uagb-ifb-title\">Pan de Vida<\/h3><\/div><p class=\"uagb-ifb-desc\">Sirve a nuestra comunidad todos los viernes, distribuyendo alimentos y productos agr\u00edcolas a los necesitados.<\/p><\/div><\/div>\n\n\n\n<div class=\"wp-block-uagb-buttons uagb-buttons__outer-wrap uagb-btn__default-btn uagb-btn-tablet__default-btn uagb-btn-mobile__default-btn uagb-block-c24ffa24\"><div class=\"uagb-buttons__wrap uagb-buttons-layout-wrap\">\n<div class=\"wp-block-uagb-buttons-child uagb-buttons__outer-wrap uagb-block-d4df7252 wp-block-button\"><div class=\"uagb-button__wrapper\"><a class=\"uagb-buttons-repeater wp-block-button__link\" aria-label=\"\" href=\"https:\/\/macedoniachristianchurch.com\/es\/events\/\" rel=\"follow noopener\" target=\"_self\" role=\"button\"><div class=\"uagb-button__link\">Calendario<\/div><span class=\"uagb-button__icon uagb-button__icon-position-after\"><svg xmlns=\"https:\/\/www.w3.org\/2000\/svg\" viewbox=\"0 0 320 512\" aria-hidden=\"true\" focussable=\"false\"><path d=\"M96 480c-8.188 0-16.38-3.125-22.62-9.375c-12.5-12.5-12.5-32.75 0-45.25L242.8 256L73.38 86.63c-12.5-12.5-12.5-32.75 0-45.25s32.75-12.5 45.25 0l192 192c12.5 12.5 12.5 32.75 0 45.25l-192 192C112.4 476.9 104.2 480 96 480z\"><\/path><\/svg><\/span><\/a><\/div><\/div>\n<\/div><\/div>\n<\/div><\/div>\n\n\n\n<div class=\"wp-block-uagb-image alignleft uagb-block-e39344d9 wp-block-uagb-image--layout-default wp-block-uagb-image--effect-static wp-block-uagb-image--align-left\"><figure class=\"wp-block-uagb-image__figure\"><img decoding=\"async\" srcset=\"https:\/\/macedoniachristianchurch.com\/wp-content\/uploads\/2025\/01\/bread-of-life-poster-1024x780.jpg ,https:\/\/macedoniachristianchurch.com\/wp-content\/uploads\/2025\/01\/bread-of-life-poster.jpg 780w, https:\/\/macedoniachristianchurch.com\/wp-content\/uploads\/2025\/01\/bread-of-life-poster.jpg 360w\" sizes=\"auto, (max-width: 480px) 150px\" src=\"https:\/\/macedoniachristianchurch.com\/wp-content\/uploads\/2025\/01\/bread-of-life-poster-1024x780.jpg\" alt=\"\" class=\"uag-image-1081\" width=\"1024\" height=\"683\" title=\"bread of life poster\" loading=\"lazy\" role=\"img\"\/><\/figure><\/div>\n<\/div>\n<\/div>\n<\/div>","protected":false},"excerpt":{"rendered":"<p>MINISTERIOS<\/p>","protected":false},"author":1,"featured_media":0,"parent":0,"menu_order":0,"comment_status":"closed","ping_status":"closed","template":"","meta":{"_uag_custom_page_level_css":"","site-sidebar-layout":"no-sidebar","site-content-layout":"plain-container","ast-site-content-layout":"normal-width-container","site-content-style":"unboxed","site-sidebar-style":"unboxed","ast-global-header-display":"","ast-banner-title-visibility":"","ast-main-header-display":"","ast-hfb-above-header-display":"","ast-hfb-below-header-display":"","ast-hfb-mobile-header-display":"","site-post-title":"disabled","ast-breadcrumbs-content":"","ast-featured-img":"","footer-sml-layout":"","ast-disable-related-posts":"","theme-transparent-header-meta":"enabled","adv-header-id-meta":"","stick-header-meta":"","header-above-stick-meta":"","header-main-stick-meta":"","header-below-stick-meta":"","astra-migrate-meta-layouts":"set","ast-page-background-enabled":"default","ast-page-background-meta":{"desktop":{"background-color":"","background-image":"","background-repeat":"repeat","background-position":"center center","background-size":"auto","background-attachment":"scroll","background-type":"","background-media":"","overlay-type":"","overlay-color":"","overlay-opacity":"","overlay-gradient":""},"tablet":{"background-color":"","background-image":"","background-repeat":"repeat","background-position":"center center","background-size":"auto","background-attachment":"scroll","background-type":"","background-media":"","overlay-type":"","overlay-color":"","overlay-opacity":"","overlay-gradient":""},"mobile":{"background-color":"","background-image":"","background-repeat":"repeat","background-position":"center center","background-size":"auto","background-attachment":"scroll","background-type":"","background-media":"","overlay-type":"","overlay-color":"","overlay-opacity":"","overlay-gradient":""}},"ast-content-background-meta":{"desktop":{"background-color":"var(--ast-global-color-4)","background-image":"","background-repeat":"repeat","background-position":"center center","background-size":"auto","background-attachment":"scroll","background-type":"","background-media":"","overlay-type":"","overlay-color":"","overlay-opacity":"","overlay-gradient":""},"tablet":{"background-color":"var(--ast-global-color-4)","background-image":"","background-repeat":"repeat","background-position":"center center","background-size":"auto","background-attachment":"scroll","background-type":"","background-media":"","overlay-type":"","overlay-color":"","overlay-opacity":"","overlay-gradient":""},"mobile":{"background-color":"var(--ast-global-color-4)","background-image":"","background-repeat":"repeat","background-position":"center center","background-size":"auto","background-attachment":"scroll","background-type":"","background-media":"","overlay-type":"","overlay-color":"","overlay-opacity":"","overlay-gradient":""}},"footnotes":""},"class_list":["post-7","page","type-page","status-publish","hentry"],"uagb_featured_image_src":{"full":false,"thumbnail":false,"medium":false,"medium_large":false,"large":false,"1536x1536":false,"2048x2048":false,"trp-custom-language-flag":false},"uagb_author_info":{"display_name":"macedoniachristianchurch.com","author_link":"https:\/\/macedoniachristianchurch.com\/es\/author\/macedoniachristianchurch-com\/"},"uagb_comment_info":0,"uagb_excerpt":"MINISTRIES","_links":{"self":[{"href":"https:\/\/macedoniachristianchurch.com\/es\/wp-json\/wp\/v2\/pages\/7","targetHints":{"allow":["GET"]}}],"collection":[{"href":"https:\/\/macedoniachristianchurch.com\/es\/wp-json\/wp\/v2\/pages"}],"about":[{"href":"https:\/\/macedoniachristianchurch.com\/es\/wp-json\/wp\/v2\/types\/page"}],"author":[{"embeddable":true,"href":"https:\/\/macedoniachristianchurch.com\/es\/wp-json\/wp\/v2\/users\/1"}],"replies":[{"embeddable":true,"href":"https:\/\/macedoniachristianchurch.com\/es\/wp-json\/wp\/v2\/comments?post=7"}],"version-history":[{"count":62,"href":"https:\/\/macedoniachristianchurch.com\/es\/wp-json\/wp\/v2\/pages\/7\/revisions"}],"predecessor-version":[{"id":1304,"href":"https:\/\/macedoniachristianchurch.com\/es\/wp-json\/wp\/v2\/pages\/7\/revisions\/1304"}],"wp:attachment":[{"href":"https:\/\/macedoniachristianchurch.com\/es\/wp-json\/wp\/v2\/media?parent=7"}],"curies":[{"name":"wp","href":"https:\/\/api.w.org\/{rel}","templated":true}]}}